{"id":70,"date":"2013-08-19T19:35:32","date_gmt":"2013-08-19T19:35:32","guid":{"rendered":"http:\/\/localhost:8888\/test\/?page_id=670"},"modified":"2022-04-12T04:42:23","modified_gmt":"2022-04-12T01:42:23","slug":"message-box","status":"publish","type":"page","link":"https:\/\/comfy.com.tr\/en\/elements\/message-box\/","title":{"rendered":"Message box"},"content":{"rendered":"<div class=\"banner has-hover has-parallax\" id=\"banner-1421283196\">\n          <div class=\"banner-inner fill\">\n        <div class=\"banner-bg fill\" data-parallax=\"-3\" data-parallax-container=\".banner\" data-parallax-background>\n            <img loading=\"lazy\" decoding=\"async\" width=\"1000\" height=\"650\" src=\"https:\/\/comfy.com.tr\/wp-content\/uploads\/2016\/08\/dummy-2.jpg\" class=\"bg attachment-large size-large\" alt=\"\" \/>                        <div class=\"overlay\"><\/div>            \n                    <\/div>\n\t\t\n        <div class=\"banner-layers container\">\n            <div class=\"fill banner-link\"><\/div>            \n   <div id=\"text-box-1056566049\" class=\"text-box banner-layer x50 md-x50 lg-x50 y50 md-y50 lg-y50 res-text\">\n              <div data-parallax=\"2\" data-parallax-fade=\"true\">                  <div class=\"text-box-content text\">\n              \n              <div class=\"text-inner text-center\">\n                  \n<h2 class=\"uppercase\"><strong>Message Box Element<\/strong><\/h2>\n<p class=\"lead\">Create beautiful Call to Action areas.<\/p>\n              <\/div>\n           <\/div>\n              <\/div>              \n<style>\n#text-box-1056566049 {\n  width: 60%;\n}\n#text-box-1056566049 .text-box-content {\n  font-size: 100%;\n}\n<\/style>\n    <\/div>\n \n        <\/div>\n      <\/div>\n\n            \n<style>\n#banner-1421283196 {\n  padding-top: 500px;\n}\n#banner-1421283196 .overlay {\n  background-color: rgba(255, 255, 255, 0.61);\n}\n#banner-1421283196 .banner-bg img {\n  object-position: 41% 71%;\n}\n<\/style>\n  <\/div>\n\n\n<div class=\"row\"  id=\"row-1930867517\">\n\n\t<div id=\"col-1396414435\" class=\"col small-12 large-12\"  >\n\t\t\t\t<div class=\"col-inner\"  >\n\t\t\t\n\t\t\t\n<div class=\"container section-title-container\" ><h3 class=\"section-title section-title-center\"><b aria-hidden=\"true\"><\/b><span class=\"section-title-main\" >Message Box Element<\/span><b aria-hidden=\"true\"><\/b><\/h3><\/div>\n<div class=\"message-box relative dark\" style=\"padding-top:27px;padding-bottom:27px;\"><div class=\"message-box-bg-image bg-fill fill\" ><\/div><div class=\"message-box-bg-overlay bg-fill fill\" ><\/div><div class=\"container relative\"><div class=\"inner last-reset\">\n<div class=\"row align-middle align-center\"  id=\"row-40692106\">\n\n\t<div id=\"col-1166893337\" class=\"col medium-9 small-12 large-9\"  >\n\t\t\t\t<div class=\"col-inner\"  >\n\t\t\t\n\t\t\t\n<p>Lorem ipsum dolor sit amet, consectetuer adipiscing elit, sed diam nonummy nibh euismod tincidunt ut laoreet dolore magna aliquam erat volutpat.<\/p>\n\t\t<\/div>\n\t\t\t\t\t<\/div>\n\n\t\n\n\t<div id=\"col-564062764\" class=\"col medium-2 small-12 large-2\"  >\n\t\t\t\t<div class=\"col-inner text-center\"  >\n\t\t\t\n\t\t\t\n<a class=\"button white is-outline\" style=\"border-radius:99px;\">\n\t\t<span>Click me<\/span>\n\t<\/a>\n\n\t\t<\/div>\n\t\t\t\t\t<\/div>\n\n\t\n<\/div>\n<\/div><\/div><\/div>\n<div class=\"container section-title-container\" style=\"margin-top:23px;\"><h3 class=\"section-title section-title-center\"><b aria-hidden=\"true\"><\/b><span class=\"section-title-main\" >Use to Create Call to Actions areas<\/span><b aria-hidden=\"true\"><\/b><\/h3><\/div>\n<div class=\"message-box relative dark\" style=\"padding-top:27px;padding-bottom:27px;\"><div class=\"message-box-bg-image bg-fill fill\" style=\"background-image:url(https:\/\/comfy.com.tr\/wp-content\/uploads\/2016\/08\/dummy-2.jpg);\"><\/div><div class=\"message-box-bg-overlay bg-fill fill\" style=\"background-color:rgba(0, 0, 0, 0.62);\"><\/div><div class=\"container relative\"><div class=\"inner last-reset\">\n<div class=\"row align-middle align-center\"  id=\"row-1495188081\">\n\n\t<div id=\"col-391970592\" class=\"col medium-8 small-12 large-8\"  >\n\t\t\t\t<div class=\"col-inner\"  >\n\t\t\t\n\t\t\t\n<h2 class=\"uppercase\">Use Message Boxes to create Call to action messages<\/h2>\n\t\t<\/div>\n\t\t\t\t\t<\/div>\n\n\t\n\n\t<div id=\"col-1345904387\" class=\"col medium-3 small-12 large-3\"  >\n\t\t\t\t<div class=\"col-inner text-center\"  >\n\t\t\t\n\t\t\t\n<a class=\"button white is-outline is-larger\" style=\"border-radius:99px;\">\n\t\t<span>Click me now<\/span>\n\t<\/a>\n\n\t\t<\/div>\n\t\t\t\t\t<\/div>\n\n\t\n<\/div>\n<\/div><\/div><\/div>\n\t\t<\/div>\n\t\t\t\t\t<\/div>\n\n\t\n<\/div>\n<div class=\"container section-title-container\" style=\"margin-top:23px;\"><h3 class=\"section-title section-title-center\"><b aria-hidden=\"true\"><\/b><span class=\"section-title-main\" >Full Width Message box<\/span><b aria-hidden=\"true\"><\/b><\/h3><\/div>\n<div class=\"message-box relative dark\" style=\"padding-top:27px;padding-bottom:27px;\"><div class=\"message-box-bg-image bg-fill fill\" style=\"background-image:url(https:\/\/comfy.com.tr\/wp-content\/uploads\/2016\/08\/dummy-2.jpg);\"><\/div><div class=\"message-box-bg-overlay bg-fill fill\" style=\"background-color:rgba(0, 0, 0, 0.75);\"><\/div><div class=\"container relative\"><div class=\"inner last-reset\">\n<div class=\"row align-middle align-center\"  id=\"row-943848187\">\n\n\t<div id=\"col-355263313\" class=\"col medium-6 small-15 large-6\"  >\n\t\t\t\t<div class=\"col-inner\"  >\n\t\t\t\n\t\t\t\n<h3 class=\"uppercase\">Signup for Newsletter and get <span class=\"fancy-underline\">50% off<\/span> your next purchase<\/h3>\n\t\t<\/div>\n\t\t\t\t\t<\/div>\n\n\t\n\n\t<div id=\"col-1776852458\" class=\"col medium-5 small-17 large-5\"  >\n\t\t\t\t<div class=\"col-inner text-right\"  >\n\t\t\t\n\t\t\t\n<p>(insert contact form here)<\/p>\n\t\t<\/div>\n\t\t\t\t\t<\/div>\n\n\t\n<\/div>\n<\/div><\/div><\/div>","protected":false},"excerpt":{"rendered":"","protected":false},"author":1,"featured_media":0,"parent":90,"menu_order":21,"comment_status":"closed","ping_status":"closed","template":"page-blank.php","meta":{"footnotes":""},"class_list":["post-70","page","type-page","status-publish","hentry"],"yoast_head":"<!-- This site is optimized with the Yoast SEO plugin v27.3 - https:\/\/yoast.com\/product\/yoast-seo-wordpress\/ -->\n<title>Message box - Comfy<\/title>\n<meta name=\"robots\" content=\"index, follow, max-snippet:-1, max-image-preview:large, max-video-preview:-1\" \/>\n<link rel=\"canonical\" href=\"https:\/\/comfy.com.tr\/en\/elements\/message-box\/\" \/>\n<meta property=\"og:locale\" content=\"en_US\" \/>\n<meta property=\"og:type\" content=\"article\" \/>\n<meta property=\"og:title\" content=\"Message box - Comfy\" \/>\n<meta property=\"og:url\" content=\"https:\/\/comfy.com.tr\/en\/elements\/message-box\/\" \/>\n<meta property=\"og:site_name\" content=\"Comfy\" \/>\n<meta property=\"article:publisher\" content=\"https:\/\/www.facebook.com\/comfycomtr\/\" \/>\n<meta property=\"article:modified_time\" content=\"2022-04-12T01:42:23+00:00\" \/>\n<meta name=\"twitter:card\" content=\"summary_large_image\" \/>\n<meta name=\"twitter:site\" content=\"@comfyshoecare\" \/>\n<meta name=\"twitter:label1\" content=\"Est. reading time\" \/>\n\t<meta name=\"twitter:data1\" content=\"1 minute\" \/>\n<!-- \/ Yoast SEO plugin. -->","yoast_head_json":{"title":"Message box - Comfy","robots":{"index":"index","follow":"follow","max-snippet":"max-snippet:-1","max-image-preview":"max-image-preview:large","max-video-preview":"max-video-preview:-1"},"canonical":"https:\/\/comfy.com.tr\/en\/elements\/message-box\/","og_locale":"en_US","og_type":"article","og_title":"Message box - Comfy","og_url":"https:\/\/comfy.com.tr\/en\/elements\/message-box\/","og_site_name":"Comfy","article_publisher":"https:\/\/www.facebook.com\/comfycomtr\/","article_modified_time":"2022-04-12T01:42:23+00:00","twitter_card":"summary_large_image","twitter_site":"@comfyshoecare","twitter_misc":{"Est. reading time":"1 minute"},"schema":{"@context":"https:\/\/schema.org","@graph":[{"@type":"WebPage","@id":"https:\/\/comfy.com.tr\/elements\/message-box\/","url":"https:\/\/comfy.com.tr\/elements\/message-box\/","name":"Message box - Comfy","isPartOf":{"@id":"https:\/\/comfy.com.tr\/#website"},"datePublished":"2013-08-19T19:35:32+00:00","dateModified":"2022-04-12T01:42:23+00:00","breadcrumb":{"@id":"https:\/\/comfy.com.tr\/elements\/message-box\/#breadcrumb"},"inLanguage":"en-US","potentialAction":[{"@type":"ReadAction","target":["https:\/\/comfy.com.tr\/elements\/message-box\/"]}]},{"@type":"BreadcrumbList","@id":"https:\/\/comfy.com.tr\/elements\/message-box\/#breadcrumb","itemListElement":[{"@type":"ListItem","position":1,"name":"Anasayfa","item":"https:\/\/comfy.com.tr\/"},{"@type":"ListItem","position":2,"name":"Elements","item":"https:\/\/comfy.com.tr\/elements\/"},{"@type":"ListItem","position":3,"name":"Message box"}]},{"@type":"WebSite","@id":"https:\/\/comfy.com.tr\/#website","url":"https:\/\/comfy.com.tr\/","name":"Comfy","description":"Ayakkab\u0131 Aksesuar \u00dcretim ve Sat\u0131\u015f","publisher":{"@id":"https:\/\/comfy.com.tr\/#organization"},"potentialAction":[{"@type":"SearchAction","target":{"@type":"EntryPoint","urlTemplate":"https:\/\/comfy.com.tr\/?s={search_term_string}"},"query-input":{"@type":"PropertyValueSpecification","valueRequired":true,"valueName":"search_term_string"}}],"inLanguage":"en-US"},{"@type":"Organization","@id":"https:\/\/comfy.com.tr\/#organization","name":"Comfy","url":"https:\/\/comfy.com.tr\/","logo":{"@type":"ImageObject","inLanguage":"en-US","@id":"https:\/\/comfy.com.tr\/#\/schema\/logo\/image\/","url":"https:\/\/comfy.com.tr\/wp-content\/uploads\/2022\/04\/cropped-comfy-logo-1.png","contentUrl":"https:\/\/comfy.com.tr\/wp-content\/uploads\/2022\/04\/cropped-comfy-logo-1.png","width":512,"height":512,"caption":"Comfy"},"image":{"@id":"https:\/\/comfy.com.tr\/#\/schema\/logo\/image\/"},"sameAs":["https:\/\/www.facebook.com\/comfycomtr\/","https:\/\/x.com\/comfyshoecare","https:\/\/www.instagram.com\/comfyshoecare\/"]}]}},"_links":{"self":[{"href":"https:\/\/comfy.com.tr\/en\/wp-json\/wp\/v2\/pages\/70","targetHints":{"allow":["GET"]}}],"collection":[{"href":"https:\/\/comfy.com.tr\/en\/wp-json\/wp\/v2\/pages"}],"about":[{"href":"https:\/\/comfy.com.tr\/en\/wp-json\/wp\/v2\/types\/page"}],"author":[{"embeddable":true,"href":"https:\/\/comfy.com.tr\/en\/wp-json\/wp\/v2\/users\/1"}],"replies":[{"embeddable":true,"href":"https:\/\/comfy.com.tr\/en\/wp-json\/wp\/v2\/comments?post=70"}],"version-history":[{"count":1,"href":"https:\/\/comfy.com.tr\/en\/wp-json\/wp\/v2\/pages\/70\/revisions"}],"predecessor-version":[{"id":135,"href":"https:\/\/comfy.com.tr\/en\/wp-json\/wp\/v2\/pages\/70\/revisions\/135"}],"up":[{"embeddable":true,"href":"https:\/\/comfy.com.tr\/en\/wp-json\/wp\/v2\/pages\/90"}],"wp:attachment":[{"href":"https:\/\/comfy.com.tr\/en\/wp-json\/wp\/v2\/media?parent=70"}],"curies":[{"name":"wp","href":"https:\/\/api.w.org\/{rel}","templated":true}]}}