{"id":80,"date":"2013-08-11T19:54:47","date_gmt":"2013-08-11T19:54:47","guid":{"rendered":"http:\/\/localhost:8888\/test\/?page_id=538"},"modified":"2022-04-12T04:42:23","modified_gmt":"2022-04-12T01:42:23","slug":"buttons","status":"publish","type":"page","link":"https:\/\/comfy.com.tr\/en\/elements\/buttons\/","title":{"rendered":"Buttons"},"content":{"rendered":"<div class=\"banner has-hover\" id=\"banner-259928364\">\n          <div class=\"banner-inner fill\">\n        <div class=\"banner-bg fill\" >\n            <img loading=\"lazy\" decoding=\"async\" width=\"1000\" height=\"650\" src=\"https:\/\/comfy.com.tr\/wp-content\/uploads\/2016\/08\/dummy-2.jpg\" class=\"bg attachment-large size-large\" alt=\"\" \/>                        <div class=\"overlay\"><\/div>            \n                    <\/div>\n\t\t\n        <div class=\"banner-layers container\">\n            <div class=\"fill banner-link\"><\/div>            \n   <div id=\"text-box-1795671829\" class=\"text-box banner-layer x50 md-x50 lg-x50 y50 md-y50 lg-y50 res-text\">\n                                <div class=\"text-box-content text dark\">\n              \n              <div class=\"text-inner text-center\">\n                  \n<h1>Buttons<\/h1>\n<p class=\"lead\">Create beautiful Call to Action buttons with the amazing Button Element<\/p>\n<a href=\"http:\/\/test?asdf&#038;asdf=asdf&#038;asdf&#038;\" class=\"button primary is-shade\" >\n\t\t<span>Primary Button<\/span>\n\t<\/a>\n\n              <\/div>\n           <\/div>\n                            \n<style>\n#text-box-1795671829 {\n  width: 76%;\n}\n#text-box-1795671829 .text-box-content {\n  font-size: 100%;\n}\n<\/style>\n    <\/div>\n \n        <\/div>\n      <\/div>\n\n            \n<style>\n#banner-259928364 {\n  padding-top: 500px;\n}\n#banner-259928364 .overlay {\n  background-color: rgba(0, 0, 0, 0.49);\n}\n<\/style>\n  <\/div>\n\n\n<div class=\"row\"  id=\"row-2136826735\">\n\n\t<div id=\"col-1972700644\" class=\"col medium-3 large-3\"  >\n\t\t\t\t<div class=\"col-inner\"  >\n\t\t\t\n\t\t\t\n<h3>Unlimited Variations<\/h3>\n<p>Lorem ipsum dolor sit amet, consectetuer adipiscing elit, sed diam nonummy nibh euismod tincidunt ut laoreet dolore magna aliquam erat volutpat&#8230;.<\/p>\n\t\t<\/div>\n\t\t\t\t\t<\/div>\n\n\t\n\n\t<div id=\"col-1881800393\" class=\"col medium-9 large-9\"  >\n\t\t\t\t<div class=\"col-inner\"  >\n\t\t\t\n\t\t\t\n<a class=\"button primary\" >\n\t\t<span>Primary Color<\/span>\n\t<\/a>\n\n<a class=\"button secondary\" style=\"border-radius:12px;\">\n\t\t<span>Secondary Color<\/span>\n\t<\/a>\n\n<a class=\"button alert\" >\n\t\t<span>Alert Color<\/span>\n\t<i class=\"icon-heart\" aria-hidden=\"true\"><\/i><\/a>\n\n<a class=\"button success\" >\n\t\t<span>Success Color<\/span>\n\t<\/a>\n\n<a class=\"button white\" >\n\t\t<span>White Color<\/span>\n\t<\/a>\n\n<a class=\"button primary is-outline\" >\n\t\t<span>Primary Color<\/span>\n\t<\/a>\n\n<a class=\"button success is-outline\" style=\"border-radius:99px;\">\n\t\t<span>Success Color<\/span>\n\t<\/a>\n\n<a class=\"button alert is-outline reveal-icon\" style=\"border-radius:6px;\">\n\t\t<span>Alert Color<\/span>\n\t<i class=\"icon-heart\" aria-hidden=\"true\"><\/i><\/a>\n\n<a class=\"button secondary is-outline\" >\n\t\t<span>Secondary Color<\/span>\n\t<\/a>\n\n\t\t<\/div>\n\t\t\t\t\t<\/div>\n\n\t\n<\/div>\n\n\t<section class=\"section dark\" id=\"section_1883541822\">\n\t\t<div class=\"section-bg fill\" >\n\t\t\t\t\t\t\t\t\t\n\t\t\t\n\n\t\t<\/div>\n\n\t\t\n\n\t\t<div class=\"section-content relative\">\n\t\t\t\n<div class=\"row\"  id=\"row-604460603\">\n\n\t<div id=\"col-391817526\" class=\"col medium-3 large-3\"  >\n\t\t\t\t<div class=\"col-inner\"  >\n\t\t\t\n\t\t\t\n<h3>Buttons on Dark background<\/h3>\n\t\t<\/div>\n\t\t\t\t\t<\/div>\n\n\t\n\n\t<div id=\"col-1778145169\" class=\"col medium-9 large-9\"  >\n\t\t\t\t<div class=\"col-inner\"  >\n\t\t\t\n\t\t\t\n<a class=\"button primary\" >\n\t\t<span>Primary Color<\/span>\n\t<\/a>\n\n<a class=\"button secondary\" >\n\t\t<span>Secondary Color<\/span>\n\t<\/a>\n\n<a class=\"button alert\" >\n\t\t<span>Alert Color<\/span>\n\t<\/a>\n\n<a class=\"button success\" >\n\t\t<span>Success Color<\/span>\n\t<\/a>\n\n<a class=\"button white\" >\n\t\t<span>White Color<\/span>\n\t<\/a>\n\n<a class=\"button primary is-outline\" >\n\t\t<span>Primary Color<\/span>\n\t<\/a>\n\n<a class=\"button success is-outline\" >\n\t\t<span>Success Color<\/span>\n\t<\/a>\n\n<a class=\"button alert is-outline\" >\n\t\t<span>Alert Color<\/span>\n\t<\/a>\n\n<a class=\"button secondary is-outline\" >\n\t\t<span>Secondary Color<\/span>\n\t<\/a>\n\n<a class=\"button white is-outline\" >\n\t\t<span>White outline<\/span>\n\t<\/a>\n\n\t\t<\/div>\n\t\t\t\t\t<\/div>\n\n\t\n<\/div>\n\t\t<\/div>\n\n\t\t\n<style>\n#section_1883541822 {\n  padding-top: 30px;\n  padding-bottom: 30px;\n  background-color: rgb(44, 44, 44);\n}\n<\/style>\n\t<\/section>\n\t\n<div class=\"row\"  id=\"row-1620026372\">\n\n\t<div id=\"col-965917936\" class=\"col medium-3 large-3\"  >\n\t\t\t\t<div class=\"col-inner\"  >\n\t\t\t\n\t\t\t\n<h3>Button\u00a0Styles<\/h3>\n<p>Select between many different button styles.<\/p>\n\t\t<\/div>\n\t\t\t\t\t<\/div>\n\n\t\n\n\t<div id=\"col-545267611\" class=\"col medium-9 large-9\"  >\n\t\t\t\t<div class=\"col-inner\"  >\n\t\t\t\n\t\t\t\n<a class=\"button primary is-link\" >\n\t\t<span>Simple link<\/span>\n\t<\/a>\n\n<a class=\"button primary is-underline\" >\n\t\t<span>Underline<\/span>\n\t<\/a>\n\n<a class=\"button primary is-outline box-shadow-2 box-shadow-2-hover\" >\n\t\t<span>Outline<\/span>\n\t<\/a>\n\n<a class=\"button primary box-shadow-2 box-shadow-5-hover\" >\n\t\t<span>Normal<\/span>\n\t<\/a>\n\n<a class=\"button primary is-gloss box-shadow-2 box-shadow-5-hover\" style=\"border-radius:99px;\">\n\t\t<span>Gloss<\/span>\n\t<\/a>\n\n<a class=\"button primary is-shade box-shadow-2 box-shadow-5-hover\" style=\"border-radius:7px;\">\n\t\t<span>Shade<\/span>\n\t<\/a>\n\n<a class=\"button primary is-bevel box-shadow-2 box-shadow-5-hover\" style=\"border-radius:12px;\">\n\t\t<span>Bevel<\/span>\n\t<\/a>\n\n\t\t<\/div>\n\t\t\t\t\t<\/div>\n\n\t\n<\/div>\n<div class=\"row\"  id=\"row-152871451\">\n\n\t<div id=\"col-96411830\" class=\"col medium-3 large-3\"  >\n\t\t\t\t<div class=\"col-inner\"  >\n\t\t\t\n\t\t\t\n<h3>Button with\u00a0icon<\/h3>\n<p>Choose between many included Flatsome Icons.<\/p>\n\t\t<\/div>\n\t\t\t\t\t<\/div>\n\n\t\n\n\t<div id=\"col-312282887\" class=\"col medium-9 large-9\"  >\n\t\t\t\t<div class=\"col-inner\"  >\n\t\t\t\n\t\t\t\n<a class=\"button primary is-bevel\" style=\"border-radius:8px;\">\n\t<i class=\"icon-twitter\" aria-hidden=\"true\"><\/i>\t<span>Icon Button<\/span>\n\t<\/a>\n\n<a class=\"button primary is-outline\" style=\"border-radius:6px;\">\n\t\t<span>Icon Left<\/span>\n\t<i class=\"icon-instagram\" aria-hidden=\"true\"><\/i><\/a>\n\n<a class=\"button primary is-outline reveal-icon\" >\n\t<i class=\"icon-play\" aria-hidden=\"true\"><\/i>\t<span>Reveal Left<\/span>\n\t<\/a>\n\n<a class=\"button primary reveal-icon\" >\n\t\t<span>Reveal Right<\/span>\n\t<i class=\"icon-angle-right\" aria-hidden=\"true\"><\/i><\/a>\n\n<a class=\"button primary is-bevel is-xlarge\" style=\"border-radius:8px;\">\n\t<i class=\"icon-twitter\" aria-hidden=\"true\"><\/i>\t<span>Large Button<\/span>\n\t<\/a>\n\n<a class=\"button primary is-bevel is-xlarge reveal-icon\" style=\"border-radius:8px;\">\n\t<i class=\"icon-checkmark\" aria-hidden=\"true\"><\/i>\t<span>Large Reveal<\/span>\n\t<\/a>\n\n\t\t<\/div>\n\t\t\t\t\t<\/div>\n\n\t\n<\/div>\n<div class=\"row\"  id=\"row-568828478\">\n\n\t<div id=\"col-591430862\" class=\"col medium-3 large-3\"  >\n\t\t\t\t<div class=\"col-inner\"  >\n\t\t\t\n\t\t\t\n<h3>Simple Button Styles<\/h3>\n\t\t<\/div>\n\t\t\t\t\t<\/div>\n\n\t\n\n\t<div id=\"col-368730264\" class=\"col medium-9 large-9\"  >\n\t\t\t\t<div class=\"col-inner\"  >\n\t\t\t\n\t\t\t\n<a class=\"button primary is-link reveal-icon\" >\n\t\t<span>Primary Color<\/span>\n\t<i class=\"icon-play\" aria-hidden=\"true\"><\/i><\/a>\n\n<a class=\"button secondary is-link\" >\n\t\t<span>Secondary Color<\/span>\n\t<\/a>\n\n<a class=\"button success is-link\" >\n\t\t<span>Success Color<\/span>\n\t<\/a>\n\n<a class=\"button alert is-link\" >\n\t\t<span>Alert Color<\/span>\n\t<\/a>\n\n\t\t<\/div>\n\t\t\t\t\t<\/div>\n\n\t\n<\/div>\n<div class=\"row\"  id=\"row-738554293\">\n\n\t<div id=\"col-2010033075\" class=\"col medium-3 large-3\"  >\n\t\t\t\t<div class=\"col-inner\"  >\n\t\t\t\n\t\t\t\n<h3>Button Radius<\/h3>\n<p>Add custom radius to buttons<\/p>\n\t\t<\/div>\n\t\t\t\t\t<\/div>\n\n\t\n\n\t<div id=\"col-1034239612\" class=\"col medium-9 large-9\"  >\n\t\t\t\t<div class=\"col-inner\"  >\n\t\t\t\n\t\t\t\n<a class=\"button primary is-large\" >\n\t\t<span>Normal Button<\/span>\n\t<\/a>\n\n<a class=\"button primary is-large\" style=\"border-radius:10px;\">\n\t\t<span>Round Button<\/span>\n\t<\/a>\n\n<a class=\"button primary is-large\" style=\"border-radius:99px;\">\n\t\t<span>Circle Button<\/span>\n\t<\/a>\n\n<a class=\"button primary is-outline is-large\" >\n\t\t<span>Normal Button<\/span>\n\t<\/a>\n\n<a class=\"button primary is-outline is-large\" style=\"border-radius:10px;\">\n\t\t<span>Round Button<\/span>\n\t<\/a>\n\n<a class=\"button primary is-outline is-large\" style=\"border-radius:99px;\">\n\t\t<span>Circle Button<\/span>\n\t<\/a>\n\n\t\t<\/div>\n\t\t\t\t\t<\/div>\n\n\t\n<\/div>\n<div class=\"row\"  id=\"row-1370917719\">\n\n\t<div id=\"col-482337238\" class=\"col medium-3 large-3\"  >\n\t\t\t\t<div class=\"col-inner\"  >\n\t\t\t\n\t\t\t\n<h3>Button\u00a0Shadow<\/h3>\n<p>Add drop shadow to buttons to make them stand out more.<\/p>\n\t\t<\/div>\n\t\t\t\t\t<\/div>\n\n\t\n\n\t<div id=\"col-1419379868\" class=\"col medium-9 large-9\"  >\n\t\t\t\t<div class=\"col-inner\"  >\n\t\t\t\n\t\t\t\n<a class=\"button primary is-bevel is-large box-shadow-5 box-shadow-4-hover\" >\n\t\t<span>Large Shadow<\/span>\n\t<\/a>\n\n<a class=\"button primary is-bevel is-large box-shadow-3 box-shadow-4-hover\" >\n\t\t<span>Medium Shadow<\/span>\n\t<\/a>\n\n<a class=\"button primary is-bevel is-large box-shadow-1 box-shadow-2-hover\" >\n\t\t<span>Small Shadow<\/span>\n\t<\/a>\n\n\t\t<\/div>\n\t\t\t\t\t<\/div>\n\n\t\n<\/div>\n<div class=\"row\"  id=\"row-1814709214\">\n\n\t<div id=\"col-1470574263\" class=\"col medium-3 large-3\"  >\n\t\t\t\t<div class=\"col-inner\"  >\n\t\t\t\n\t\t\t\n<h3>Button\u00a0Sizes<\/h3>\n\t\t<\/div>\n\t\t\t\t\t<\/div>\n\n\t\n\n\t<div id=\"col-1679390831\" class=\"col medium-9 large-9\"  >\n\t\t\t\t<div class=\"col-inner\"  >\n\t\t\t\n\t\t\t\n<a class=\"button primary is-xsmall\" >\n\t\t<span>x Small<\/span>\n\t<\/a>\n\n<a class=\"button primary is-smaller\" >\n\t\t<span>Smaller<\/span>\n\t<\/a>\n\n<a class=\"button primary is-small\" >\n\t\t<span>Small<\/span>\n\t<\/a>\n\n<a class=\"button primary\" >\n\t\t<span>Normal<\/span>\n\t<\/a>\n\n<a class=\"button primary is-large\" >\n\t\t<span>Large<\/span>\n\t<\/a>\n\n<a class=\"button primary is-larger\" >\n\t\t<span>Larger<\/span>\n\t<\/a>\n\n<a class=\"button primary is-xlarge\" >\n\t\t<span>X LARGE<\/span>\n\t<\/a>\n\n\t\t<\/div>\n\t\t\t\t\t<\/div>\n\n\t\n<\/div>\n<div class=\"row\"  id=\"row-1695505558\">\n\n\t<div id=\"col-323013637\" class=\"col medium-3 large-3\"  >\n\t\t\t\t<div class=\"col-inner\"  >\n\t\t\t\n\t\t\t\n<h3>Smart Links<\/h3>\n<p>Add simple text to button links to link to various WordPress and WooCommerce pages.<\/p>\n\t\t<\/div>\n\t\t\t\t\t<\/div>\n\n\t\n\n\t<div id=\"col-125810287\" class=\"col medium-4 large-4\"  >\n\t\t\t\t<div class=\"col-inner\"  >\n\t\t\t\n\t\t\t\n<p>&#8216;<strong>shop<\/strong>&#8216; : Goes to Shop page<\/p>\n<p>&#8216;<strong>account&#8217;<\/strong> Goes to My Account Page<\/p>\n<p>&#8216;<strong>checkout&#8217;<\/strong> Goes to Checkout page<\/p>\n<p>&#8216;<strong>blog&#8217;<\/strong> Goes to blog page<\/p>\n\t\t<\/div>\n\t\t\t\t\t<\/div>\n\n\t\n\n\t<div id=\"col-1028407393\" class=\"col medium-4 small-12 large-4\"  >\n\t\t\t\t<div class=\"col-inner\"  >\n\t\t\t\n\t\t\t\n<p>&#8216;<strong>home<\/strong>&#8216; Goes to homepage<\/p>\n<p><strong>&#8216;wishlist<\/strong>&#8216; Goes to wishlist page<\/p>\n<p>&#8216;<strong>Page Title<\/strong>&#8216; Goes to page by Title.<\/p>\n\t\t<\/div>\n\t\t\t\t\t<\/div>\n\n\t\n<\/div>","protected":false},"excerpt":{"rendered":"","protected":false},"author":1,"featured_media":0,"parent":90,"menu_order":6,"comment_status":"closed","ping_status":"closed","template":"page-blank.php","meta":{"footnotes":""},"class_list":["post-80","page","type-page","status-publish","hentry"],"yoast_head":"<!-- This site is optimized with the Yoast SEO plugin v27.5 - https:\/\/yoast.com\/product\/yoast-seo-wordpress\/ -->\n<title>Buttons - Comfy<\/title>\n<meta name=\"robots\" content=\"index, follow, max-snippet:-1, max-image-preview:large, max-video-preview:-1\" \/>\n<link rel=\"canonical\" href=\"https:\/\/comfy.com.tr\/en\/elements\/buttons\/\" \/>\n<meta property=\"og:locale\" content=\"en_US\" \/>\n<meta property=\"og:type\" content=\"article\" \/>\n<meta property=\"og:title\" content=\"Buttons - Comfy\" \/>\n<meta property=\"og:url\" content=\"https:\/\/comfy.com.tr\/en\/elements\/buttons\/\" \/>\n<meta property=\"og:site_name\" content=\"Comfy\" \/>\n<meta property=\"article:publisher\" content=\"https:\/\/www.facebook.com\/comfycomtr\/\" \/>\n<meta property=\"article:modified_time\" content=\"2022-04-12T01:42:23+00:00\" \/>\n<meta name=\"twitter:card\" content=\"summary_large_image\" \/>\n<meta name=\"twitter:site\" content=\"@comfyshoecare\" \/>\n<meta name=\"twitter:label1\" content=\"Est. reading time\" \/>\n\t<meta name=\"twitter:data1\" content=\"3 minutes\" \/>\n<!-- \/ Yoast SEO plugin. -->","yoast_head_json":{"title":"Buttons - Comfy","robots":{"index":"index","follow":"follow","max-snippet":"max-snippet:-1","max-image-preview":"max-image-preview:large","max-video-preview":"max-video-preview:-1"},"canonical":"https:\/\/comfy.com.tr\/en\/elements\/buttons\/","og_locale":"en_US","og_type":"article","og_title":"Buttons - Comfy","og_url":"https:\/\/comfy.com.tr\/en\/elements\/buttons\/","og_site_name":"Comfy","article_publisher":"https:\/\/www.facebook.com\/comfycomtr\/","article_modified_time":"2022-04-12T01:42:23+00:00","twitter_card":"summary_large_image","twitter_site":"@comfyshoecare","twitter_misc":{"Est. reading time":"3 minutes"},"schema":{"@context":"https:\/\/schema.org","@graph":[{"@type":"WebPage","@id":"https:\/\/comfy.com.tr\/elements\/buttons\/","url":"https:\/\/comfy.com.tr\/elements\/buttons\/","name":"Buttons - Comfy","isPartOf":{"@id":"https:\/\/comfy.com.tr\/#website"},"datePublished":"2013-08-11T19:54:47+00:00","dateModified":"2022-04-12T01:42:23+00:00","breadcrumb":{"@id":"https:\/\/comfy.com.tr\/elements\/buttons\/#breadcrumb"},"inLanguage":"en-US","potentialAction":[{"@type":"ReadAction","target":["https:\/\/comfy.com.tr\/elements\/buttons\/"]}]},{"@type":"BreadcrumbList","@id":"https:\/\/comfy.com.tr\/elements\/buttons\/#breadcrumb","itemListElement":[{"@type":"ListItem","position":1,"name":"Anasayfa","item":"https:\/\/comfy.com.tr\/"},{"@type":"ListItem","position":2,"name":"Elements","item":"https:\/\/comfy.com.tr\/elements\/"},{"@type":"ListItem","position":3,"name":"Buttons"}]},{"@type":"WebSite","@id":"https:\/\/comfy.com.tr\/#website","url":"https:\/\/comfy.com.tr\/","name":"Comfy","description":"Ayakkab\u0131 Aksesuar \u00dcretim ve Sat\u0131\u015f","publisher":{"@id":"https:\/\/comfy.com.tr\/#organization"},"potentialAction":[{"@type":"SearchAction","target":{"@type":"EntryPoint","urlTemplate":"https:\/\/comfy.com.tr\/?s={search_term_string}"},"query-input":{"@type":"PropertyValueSpecification","valueRequired":true,"valueName":"search_term_string"}}],"inLanguage":"en-US"},{"@type":"Organization","@id":"https:\/\/comfy.com.tr\/#organization","name":"Comfy","url":"https:\/\/comfy.com.tr\/","logo":{"@type":"ImageObject","inLanguage":"en-US","@id":"https:\/\/comfy.com.tr\/#\/schema\/logo\/image\/","url":"https:\/\/comfy.com.tr\/wp-content\/uploads\/2022\/04\/cropped-comfy-logo-1.png","contentUrl":"https:\/\/comfy.com.tr\/wp-content\/uploads\/2022\/04\/cropped-comfy-logo-1.png","width":512,"height":512,"caption":"Comfy"},"image":{"@id":"https:\/\/comfy.com.tr\/#\/schema\/logo\/image\/"},"sameAs":["https:\/\/www.facebook.com\/comfycomtr\/","https:\/\/x.com\/comfyshoecare","https:\/\/www.instagram.com\/comfyshoecare\/"]}]}},"_links":{"self":[{"href":"https:\/\/comfy.com.tr\/en\/wp-json\/wp\/v2\/pages\/80","targetHints":{"allow":["GET"]}}],"collection":[{"href":"https:\/\/comfy.com.tr\/en\/wp-json\/wp\/v2\/pages"}],"about":[{"href":"https:\/\/comfy.com.tr\/en\/wp-json\/wp\/v2\/types\/page"}],"author":[{"embeddable":true,"href":"https:\/\/comfy.com.tr\/en\/wp-json\/wp\/v2\/users\/1"}],"replies":[{"embeddable":true,"href":"https:\/\/comfy.com.tr\/en\/wp-json\/wp\/v2\/comments?post=80"}],"version-history":[{"count":1,"href":"https:\/\/comfy.com.tr\/en\/wp-json\/wp\/v2\/pages\/80\/revisions"}],"predecessor-version":[{"id":144,"href":"https:\/\/comfy.com.tr\/en\/wp-json\/wp\/v2\/pages\/80\/revisions\/144"}],"up":[{"embeddable":true,"href":"https:\/\/comfy.com.tr\/en\/wp-json\/wp\/v2\/pages\/90"}],"wp:attachment":[{"href":"https:\/\/comfy.com.tr\/en\/wp-json\/wp\/v2\/media?parent=80"}],"curies":[{"name":"wp","href":"https:\/\/api.w.org\/{rel}","templated":true}]}}