{"id":81,"date":"2013-08-11T19:22:53","date_gmt":"2013-08-11T19:22:53","guid":{"rendered":"http:\/\/localhost:8888\/test\/?page_id=532"},"modified":"2022-06-29T13:19:01","modified_gmt":"2022-06-29T10:19:01","slug":"contact","status":"publish","type":"page","link":"https:\/\/comfy.com.tr\/en\/elements\/pages\/contact\/","title":{"rendered":"Contact"},"content":{"rendered":"<div class=\"banner has-hover\" id=\"banner-1979064486\">\n          <div class=\"banner-inner fill\">\n        <div class=\"banner-bg fill\" >\n            <img loading=\"lazy\" decoding=\"async\" width=\"1020\" height=\"678\" src=\"https:\/\/comfy.com.tr\/wp-content\/uploads\/2022\/04\/DSC_9692_9783-1204x800.jpg\" class=\"bg attachment-large size-large\" alt=\"comfy-ayakkab\u0131-aksesuar\" \/>                        <div class=\"overlay\"><\/div>            \n                    <\/div>\n\t\t\n        <div class=\"banner-layers container\">\n            <div class=\"fill banner-link\"><\/div>            \n\n   <div id=\"text-box-151693560\" class=\"text-box banner-layer x50 md-x50 lg-x50 y75 md-y75 lg-y20 res-text\">\n                                <div class=\"text-box-content text dark\">\n              \n              <div class=\"text-inner text-center\">\n                  \n\n\t<div id=\"text-2425790142\" class=\"text\">\n\t\t\n\n<h5><span style=\"font-size: 180%;\"><strong>Contact<\/strong><\/span><\/h5>\n<p><span style=\"font-size: 80%;\">You can reach us from the following contact information<\/span><\/p>\n<div id=\"gtx-trans\" style=\"position: absolute; left: -22px; top: -3.04688px;\">\n<div class=\"gtx-trans-icon\">&nbsp;<\/div>\n<\/div>\n\t\t\n<style>\n#text-2425790142 {\n  font-size: 0.75rem;\n}\n@media (min-width:550px) {\n  #text-2425790142 {\n    font-size: 1.25rem;\n  }\n}\n@media (min-width:850px) {\n  #text-2425790142 {\n    font-size: 1.5rem;\n  }\n}\n<\/style>\n\t<\/div>\n\t\n\n              <\/div>\n           <\/div>\n                            \n<style>\n#text-box-151693560 {\n  width: 93%;\n}\n#text-box-151693560 .text-box-content {\n  font-size: 100%;\n}\n@media (min-width:550px) {\n  #text-box-151693560 {\n    width: 65%;\n  }\n}\n@media (min-width:850px) {\n  #text-box-151693560 {\n    width: 60%;\n  }\n}\n<\/style>\n    <\/div>\n \n\n        <\/div>\n      <\/div>\n\n            \n<style>\n#banner-1979064486 {\n  padding-top: 70%;\n}\n#banner-1979064486 .overlay {\n  background-color: rgba(9, 19, 32, 0.5);\n}\n#banner-1979064486 .banner-bg img {\n  object-position: 41% 68%;\n}\n@media (min-width:550px) {\n  #banner-1979064486 {\n    padding-top: 40%;\n  }\n}\n@media (min-width:850px) {\n  #banner-1979064486 {\n    padding-top: 500px;\n  }\n}\n<\/style>\n  <\/div>\n\n\n<div class=\"row row-collapse row-divided\" style=\"max-width:1440px\" id=\"row-23129773\">\n\n\n\t<div id=\"col-501864552\" class=\"col small-12 large-12\"  >\n\t\t\t\t<div class=\"col-inner\" style=\"background-color:rgb(255, 255, 255);\" >\n\t\t\t\n\t\t\t\n\n<div class=\"row row-collapse row-full-width\"  id=\"row-1185847899\">\n\n\n\t<div id=\"col-582270923\" class=\"col medium-6 small-12 large-6\"  >\n\t\t\t\t<div class=\"col-inner\"  >\n\t\t\t\n\t\t\t\n\n<h2><span style=\"font-size: 120%;\">\u0130leti\u015fime Bilgileri<\/span><\/h2>\n<div id=\"gtx-trans\" style=\"position: absolute; left: 160px; top: -4.38281px;\">\n<div class=\"gtx-trans-icon\">\u00a0<\/div>\n<\/div>\n\t<div id=\"gap-1968517561\" class=\"gap-element clearfix\" style=\"display:block; height:auto;\">\n\t\t\n<style>\n#gap-1968517561 {\n  padding-top: 20px;\n}\n@media (min-width:550px) {\n  #gap-1968517561 {\n    padding-top: 20px;\n  }\n}\n@media (min-width:850px) {\n  #gap-1968517561 {\n    padding-top: 30px;\n  }\n}\n<\/style>\n\t<\/div>\n\t\n\n<div class=\"row\"  id=\"row-2073088020\">\n\n\n\t<div id=\"col-799791156\" class=\"col medium-6 small-12 large-12\"  >\n\t\t\t\t<div class=\"col-inner\"  >\n\t\t\t\n\t\t\t\n\n<h3 class=\"uppercase\">Address<\/h3>\n<p>Maltepe Mh. Hastane Yolu Sk. <br \/>No:1 34010 Zeytinburnu<br \/>\u0130stanbul &#8211; TURKEY<\/p>\n<h3 class=\"uppercase\">E-MA\u0130L<\/h3>\n<p>info@comfy.com.tr<\/p>\n<h3 class=\"uppercase\">PHONE<\/h3>\n<p><a href=\"tel:+902125673536\">+90 212 567 35 36<\/a><br \/><a href=\"tel:+902125013376\">+90 212 501 33 76<\/a><\/p>\n<div id=\"gtx-trans\" style=\"position: absolute; left: -38px; top: -4.34375px;\">\n<div class=\"gtx-trans-icon\">\u00a0<\/div>\n<\/div>\n\n\t\t<\/div>\n\t\t\t\t\t<\/div>\n\n\t\n\n<\/div>\n\n\t\t<\/div>\n\t\t\t\t\n<style>\n#col-582270923 > .col-inner {\n  padding: 0px 0px 0px 20px;\n}\n<\/style>\n\t<\/div>\n\n\t\n\n\t<div id=\"col-875000685\" class=\"col medium-6 small-12 large-6\"  >\n\t\t\t\t<div class=\"col-inner\"  >\n\t\t\t\n\t\t\t\n\n<h2><span style=\"font-size: 120%;\">Map<\/span><\/h2>\n<div id=\"gtx-trans\" style=\"position: absolute; left: -31px; top: -4.38281px;\">\n<div class=\"gtx-trans-icon\">&nbsp;<\/div>\n<\/div>\n\t<div id=\"gap-1714185172\" class=\"gap-element clearfix\" style=\"display:block; height:auto;\">\n\t\t\n<style>\n#gap-1714185172 {\n  padding-top: 20px;\n}\n@media (min-width:550px) {\n  #gap-1714185172 {\n    padding-top: 20px;\n  }\n}\n@media (min-width:850px) {\n  #gap-1714185172 {\n    padding-top: 30px;\n  }\n}\n<\/style>\n\t<\/div>\n\t\n\n<p><iframe src=\"https:\/\/www.google.com\/maps\/embed?pb=!1m18!1m12!1m3!1d3009.833333714657!2d28.905905715496818!3d41.028902126104235!2m3!1f0!2f0!3f0!3m2!1i1024!2i768!4f13.1!3m3!1m2!1s0x14cabbfad3e1ddf5%3A0x5f51558af71decf5!2scomfy!5e0!3m2!1str!2str!4v1649799825507!5m2!1str!2str\" width=\"600\" height=\"450\" style=\"border:0;\" allowfullscreen=\"\" loading=\"lazy\" referrerpolicy=\"no-referrer-when-downgrade\"><\/iframe><\/p>\n\n\t\t<\/div>\n\t\t\t\t\t<\/div>\n\n\t\n\n\n<style>\n#row-1185847899 > .col > .col-inner {\n  padding: 0px 15px 0px 15px;\n}\n<\/style>\n<\/div>\n\n\t\t<\/div>\n\t\t\t\t\n<style>\n#col-501864552 > .col-inner {\n  padding: 50px 20px 0px 20px;\n  margin: -0 0px 0px 0px;\n}\n@media (min-width:550px) {\n  #col-501864552 > .col-inner {\n    padding: 50px 20px 30px 20px;\n    margin: 0 0px 0px 0px;\n  }\n}\n@media (min-width:850px) {\n  #col-501864552 > .col-inner {\n    padding: 66px 5% 16px 5%;\n    margin: -135px 0px 0px 0px;\n  }\n}\n<\/style>\n\t<\/div>\n\n\t\n\n<\/div>\n\n\t<section class=\"section dark\" id=\"section_1286017820\">\n\t\t<div class=\"section-bg fill\" >\n\t\t\t\t\t\t\t\t\t\n\t\t\t\n\n\t\t<\/div>\n\n\t\t\n\n\t\t<div class=\"section-content relative\">\n\t\t\t\n\n<div class=\"row align-center\"  id=\"row-813424142\">\n\n\n\t<div id=\"col-394678785\" class=\"col medium-12 small-12 large-12\"  >\n\t\t\t\t<div class=\"col-inner text-center\"  >\n\t\t\t\n\t\t\t\n\n\t<div id=\"gap-2073060526\" class=\"gap-element clearfix\" style=\"display:block; height:auto;\">\n\t\t\n<style>\n#gap-2073060526 {\n  padding-top: 25px;\n}\n@media (min-width:550px) {\n  #gap-2073060526 {\n    padding-top: 20px;\n  }\n}\n<\/style>\n\t<\/div>\n\t\n\n<div class=\"row row-large row-full-width\"  id=\"row-2141807733\">\n\n\n\t<div id=\"col-1342085212\" class=\"col medium-2 small-3 large-2\"  >\n\t\t\t\t<div class=\"col-inner\"  >\n\t\t\t\n\t\t\t\n\n\t<div class=\"img has-hover x md-x lg-x y md-y lg-y\" id=\"image_1255659045\">\n\t\t\t\t\t\t\t\t<div class=\"img-inner dark\" >\n\t\t\t<img loading=\"lazy\" decoding=\"async\" width=\"600\" height=\"600\" src=\"https:\/\/comfy.com.tr\/wp-content\/uploads\/2022\/04\/AYAKKABIpng.png\" class=\"attachment-large size-large\" alt=\"\" srcset=\"https:\/\/comfy.com.tr\/wp-content\/uploads\/2022\/04\/AYAKKABIpng.png 600w, https:\/\/comfy.com.tr\/wp-content\/uploads\/2022\/04\/AYAKKABIpng-400x400.png 400w, https:\/\/comfy.com.tr\/wp-content\/uploads\/2022\/04\/AYAKKABIpng-280x280.png 280w, https:\/\/comfy.com.tr\/wp-content\/uploads\/2022\/04\/AYAKKABIpng-300x300.png 300w, https:\/\/comfy.com.tr\/wp-content\/uploads\/2022\/04\/AYAKKABIpng-100x100.png 100w\" sizes=\"auto, (max-width: 600px) 100vw, 600px\" \/>\t\t\t\t\t\t\n\t\t\t\t\t<\/div>\n\t\t\t\t\t\t\t\t\n<style>\n#image_1255659045 {\n  width: 90%;\n}\n<\/style>\n\t<\/div>\n\t\n\n\n\t\t<\/div>\n\t\t\t\t\t<\/div>\n\n\t\n\n\t<div id=\"col-752364565\" class=\"col medium-2 small-3 large-2\"  >\n\t\t\t\t<div class=\"col-inner\"  >\n\t\t\t\n\t\t\t\n\n\t<div class=\"img has-hover x md-x lg-x y md-y lg-y\" id=\"image_1299792519\">\n\t\t\t\t\t\t\t\t<div class=\"img-inner dark\" >\n\t\t\t<img loading=\"lazy\" decoding=\"async\" width=\"600\" height=\"600\" src=\"https:\/\/comfy.com.tr\/wp-content\/uploads\/2022\/04\/FLO-1.png\" class=\"attachment-large size-large\" alt=\"\" srcset=\"https:\/\/comfy.com.tr\/wp-content\/uploads\/2022\/04\/FLO-1.png 600w, https:\/\/comfy.com.tr\/wp-content\/uploads\/2022\/04\/FLO-1-400x400.png 400w, https:\/\/comfy.com.tr\/wp-content\/uploads\/2022\/04\/FLO-1-280x280.png 280w, https:\/\/comfy.com.tr\/wp-content\/uploads\/2022\/04\/FLO-1-300x300.png 300w, https:\/\/comfy.com.tr\/wp-content\/uploads\/2022\/04\/FLO-1-100x100.png 100w\" sizes=\"auto, (max-width: 600px) 100vw, 600px\" \/>\t\t\t\t\t\t\n\t\t\t\t\t<\/div>\n\t\t\t\t\t\t\t\t\n<style>\n#image_1299792519 {\n  width: 90%;\n}\n<\/style>\n\t<\/div>\n\t\n\n\n\t\t<\/div>\n\t\t\t\t\t<\/div>\n\n\t\n\n\t<div id=\"col-756558372\" class=\"col medium-2 small-3 large-2\"  >\n\t\t\t\t<div class=\"col-inner\"  >\n\t\t\t\n\t\t\t\n\n\t<div class=\"img has-hover x md-x lg-x y md-y lg-y\" id=\"image_1615727049\">\n\t\t\t\t\t\t\t\t<div class=\"img-inner dark\" >\n\t\t\t<img loading=\"lazy\" decoding=\"async\" width=\"500\" height=\"500\" src=\"https:\/\/comfy.com.tr\/wp-content\/uploads\/2022\/04\/LacosteLogo.png\" class=\"attachment-large size-large\" alt=\"\" srcset=\"https:\/\/comfy.com.tr\/wp-content\/uploads\/2022\/04\/LacosteLogo.png 500w, https:\/\/comfy.com.tr\/wp-content\/uploads\/2022\/04\/LacosteLogo-400x400.png 400w, https:\/\/comfy.com.tr\/wp-content\/uploads\/2022\/04\/LacosteLogo-280x280.png 280w, https:\/\/comfy.com.tr\/wp-content\/uploads\/2022\/04\/LacosteLogo-300x300.png 300w, https:\/\/comfy.com.tr\/wp-content\/uploads\/2022\/04\/LacosteLogo-100x100.png 100w\" sizes=\"auto, (max-width: 500px) 100vw, 500px\" \/>\t\t\t\t\t\t\n\t\t\t\t\t<\/div>\n\t\t\t\t\t\t\t\t\n<style>\n#image_1615727049 {\n  width: 90%;\n}\n<\/style>\n\t<\/div>\n\t\n\n\n\t\t<\/div>\n\t\t\t\t\t<\/div>\n\n\t\n\n\t<div id=\"col-1216246443\" class=\"col medium-2 small-3 large-2\"  >\n\t\t\t\t<div class=\"col-inner\"  >\n\t\t\t\n\t\t\t\n\n\t<div class=\"img has-hover x md-x lg-x y md-y lg-y\" id=\"image_260175465\">\n\t\t\t\t\t\t\t\t<div class=\"img-inner dark\" >\n\t\t\t<img loading=\"lazy\" decoding=\"async\" width=\"600\" height=\"600\" src=\"https:\/\/comfy.com.tr\/wp-content\/uploads\/2022\/04\/nblogo.png\" class=\"attachment-large size-large\" alt=\"\" srcset=\"https:\/\/comfy.com.tr\/wp-content\/uploads\/2022\/04\/nblogo.png 600w, https:\/\/comfy.com.tr\/wp-content\/uploads\/2022\/04\/nblogo-400x400.png 400w, https:\/\/comfy.com.tr\/wp-content\/uploads\/2022\/04\/nblogo-280x280.png 280w, https:\/\/comfy.com.tr\/wp-content\/uploads\/2022\/04\/nblogo-300x300.png 300w, https:\/\/comfy.com.tr\/wp-content\/uploads\/2022\/04\/nblogo-100x100.png 100w\" sizes=\"auto, (max-width: 600px) 100vw, 600px\" \/>\t\t\t\t\t\t\n\t\t\t\t\t<\/div>\n\t\t\t\t\t\t\t\t\n<style>\n#image_260175465 {\n  width: 90%;\n}\n<\/style>\n\t<\/div>\n\t\n\n\n\t\t<\/div>\n\t\t\t\t\t<\/div>\n\n\t\n\n\t<div id=\"col-2143939240\" class=\"col hide-for-small medium-2 small-3 large-2\"  >\n\t\t\t\t<div class=\"col-inner\"  >\n\t\t\t\n\t\t\t\n\n\t<div class=\"img has-hover x md-x lg-x y md-y lg-y\" id=\"image_221408128\">\n\t\t\t\t\t\t\t\t<div class=\"img-inner dark\" >\n\t\t\t<img loading=\"lazy\" decoding=\"async\" width=\"600\" height=\"600\" src=\"https:\/\/comfy.com.tr\/wp-content\/uploads\/2022\/04\/boynerlOGO.png\" class=\"attachment-large size-large\" alt=\"\" srcset=\"https:\/\/comfy.com.tr\/wp-content\/uploads\/2022\/04\/boynerlOGO.png 600w, https:\/\/comfy.com.tr\/wp-content\/uploads\/2022\/04\/boynerlOGO-400x400.png 400w, https:\/\/comfy.com.tr\/wp-content\/uploads\/2022\/04\/boynerlOGO-280x280.png 280w, https:\/\/comfy.com.tr\/wp-content\/uploads\/2022\/04\/boynerlOGO-300x300.png 300w, https:\/\/comfy.com.tr\/wp-content\/uploads\/2022\/04\/boynerlOGO-100x100.png 100w\" sizes=\"auto, (max-width: 600px) 100vw, 600px\" \/>\t\t\t\t\t\t\n\t\t\t\t\t<\/div>\n\t\t\t\t\t\t\t\t\n<style>\n#image_221408128 {\n  width: 90%;\n}\n<\/style>\n\t<\/div>\n\t\n\n\n\t\t<\/div>\n\t\t\t\t\t<\/div>\n\n\t\n\n\t<div id=\"col-1447140802\" class=\"col hide-for-small medium-2 small-3 large-2\"  >\n\t\t\t\t<div class=\"col-inner\"  >\n\t\t\t\n\t\t\t\n\n\t<div class=\"img has-hover x md-x lg-x y md-y lg-y\" id=\"image_747746339\">\n\t\t\t\t\t\t\t\t<div class=\"img-inner dark\" >\n\t\t\t<img loading=\"lazy\" decoding=\"async\" width=\"600\" height=\"600\" src=\"https:\/\/comfy.com.tr\/wp-content\/uploads\/2022\/04\/ceyo.png\" class=\"attachment-large size-large\" alt=\"\" srcset=\"https:\/\/comfy.com.tr\/wp-content\/uploads\/2022\/04\/ceyo.png 600w, https:\/\/comfy.com.tr\/wp-content\/uploads\/2022\/04\/ceyo-400x400.png 400w, https:\/\/comfy.com.tr\/wp-content\/uploads\/2022\/04\/ceyo-280x280.png 280w, https:\/\/comfy.com.tr\/wp-content\/uploads\/2022\/04\/ceyo-300x300.png 300w, https:\/\/comfy.com.tr\/wp-content\/uploads\/2022\/04\/ceyo-100x100.png 100w\" sizes=\"auto, (max-width: 600px) 100vw, 600px\" \/>\t\t\t\t\t\t\n\t\t\t\t\t<\/div>\n\t\t\t\t\t\t\t\t\n<style>\n#image_747746339 {\n  width: 90%;\n}\n<\/style>\n\t<\/div>\n\t\n\n\n\t\t<\/div>\n\t\t\t\t\t<\/div>\n\n\t\n\n<\/div>\n\n\t\t<\/div>\n\t\t\t\t\n<style>\n#col-394678785 > .col-inner {\n  margin: 0px 0px -39px 0px;\n}\n<\/style>\n\t<\/div>\n\n\t\n\n<\/div>\n\n\t\t<\/div>\n\n\t\t\n<style>\n#section_1286017820 {\n  padding-top: 30px;\n  padding-bottom: 30px;\n  background-color: rgb(40, 55, 71);\n}\n<\/style>\n\t<\/section>\n\t\n\t<div id=\"gap-401784483\" class=\"gap-element clearfix\" style=\"display:block; height:auto;\">\n\t\t\n<style>\n#gap-401784483 {\n  padding-top: 50px;\n}\n<\/style>\n\t<\/div>","protected":false},"excerpt":{"rendered":"","protected":false},"author":1,"featured_media":0,"parent":44,"menu_order":0,"comment_status":"closed","ping_status":"closed","template":"page-blank.php","meta":{"footnotes":""},"class_list":["post-81","page","type-page","status-publish","hentry"],"yoast_head":"<!-- This site is optimized with the Yoast SEO plugin v27.4 - https:\/\/yoast.com\/product\/yoast-seo-wordpress\/ -->\n<title>Contact - Comfy<\/title>\n<meta name=\"description\" content=\"Comfy, ayakkab\u0131 bak\u0131m ve promosyon \u00fcr\u00fcnleri hakk\u0131nda daha fazla bilgi almak ve \u00fcr\u00fcnlerimizi incelemek i\u00e7in ileti\u015fime ge\u00e7ebilirisiniz\" \/>\n<meta name=\"robots\" content=\"index, follow, max-snippet:-1, max-image-preview:large, max-video-preview:-1\" \/>\n<link rel=\"canonical\" href=\"https:\/\/comfy.com.tr\/en\/elements\/pages\/contact\/\" \/>\n<meta property=\"og:locale\" content=\"en_US\" \/>\n<meta property=\"og:type\" content=\"article\" \/>\n<meta property=\"og:title\" content=\"Contact - Comfy\" \/>\n<meta property=\"og:description\" content=\"Comfy, ayakkab\u0131 bak\u0131m ve promosyon \u00fcr\u00fcnleri hakk\u0131nda daha fazla bilgi almak ve \u00fcr\u00fcnlerimizi incelemek i\u00e7in ileti\u015fime ge\u00e7ebilirisiniz\" \/>\n<meta property=\"og:url\" content=\"https:\/\/comfy.com.tr\/en\/elements\/pages\/contact\/\" \/>\n<meta property=\"og:site_name\" content=\"Comfy\" \/>\n<meta property=\"article:publisher\" content=\"https:\/\/www.facebook.com\/comfycomtr\/\" \/>\n<meta property=\"article:modified_time\" content=\"2022-06-29T10:19:01+00:00\" \/>\n<meta name=\"twitter:card\" content=\"summary_large_image\" \/>\n<meta name=\"twitter:site\" content=\"@comfyshoecare\" \/>\n<meta name=\"twitter:label1\" content=\"Est. reading time\" \/>\n\t<meta name=\"twitter:data1\" content=\"2 minutes\" \/>\n<!-- \/ Yoast SEO plugin. -->","yoast_head_json":{"title":"Contact - Comfy","description":"Comfy, ayakkab\u0131 bak\u0131m ve promosyon \u00fcr\u00fcnleri hakk\u0131nda daha fazla bilgi almak ve \u00fcr\u00fcnlerimizi incelemek i\u00e7in ileti\u015fime ge\u00e7ebilirisiniz","robots":{"index":"index","follow":"follow","max-snippet":"max-snippet:-1","max-image-preview":"max-image-preview:large","max-video-preview":"max-video-preview:-1"},"canonical":"https:\/\/comfy.com.tr\/en\/elements\/pages\/contact\/","og_locale":"en_US","og_type":"article","og_title":"Contact - Comfy","og_description":"Comfy, ayakkab\u0131 bak\u0131m ve promosyon \u00fcr\u00fcnleri hakk\u0131nda daha fazla bilgi almak ve \u00fcr\u00fcnlerimizi incelemek i\u00e7in ileti\u015fime ge\u00e7ebilirisiniz","og_url":"https:\/\/comfy.com.tr\/en\/elements\/pages\/contact\/","og_site_name":"Comfy","article_publisher":"https:\/\/www.facebook.com\/comfycomtr\/","article_modified_time":"2022-06-29T10:19:01+00:00","twitter_card":"summary_large_image","twitter_site":"@comfyshoecare","twitter_misc":{"Est. reading time":"2 minutes"},"schema":{"@context":"https:\/\/schema.org","@graph":[{"@type":"WebPage","@id":"https:\/\/comfy.com.tr\/elements\/pages\/contact\/","url":"https:\/\/comfy.com.tr\/elements\/pages\/contact\/","name":"Contact - Comfy","isPartOf":{"@id":"https:\/\/comfy.com.tr\/#website"},"datePublished":"2013-08-11T19:22:53+00:00","dateModified":"2022-06-29T10:19:01+00:00","description":"Comfy, ayakkab\u0131 bak\u0131m ve promosyon \u00fcr\u00fcnleri hakk\u0131nda daha fazla bilgi almak ve \u00fcr\u00fcnlerimizi incelemek i\u00e7in ileti\u015fime ge\u00e7ebilirisiniz","breadcrumb":{"@id":"https:\/\/comfy.com.tr\/elements\/pages\/contact\/#breadcrumb"},"inLanguage":"en-US","potentialAction":[{"@type":"ReadAction","target":["https:\/\/comfy.com.tr\/elements\/pages\/contact\/"]}]},{"@type":"BreadcrumbList","@id":"https:\/\/comfy.com.tr\/elements\/pages\/contact\/#breadcrumb","itemListElement":[{"@type":"ListItem","position":1,"name":"Anasayfa","item":"https:\/\/comfy.com.tr\/"},{"@type":"ListItem","position":2,"name":"Elements","item":"https:\/\/comfy.com.tr\/elements\/"},{"@type":"ListItem","position":3,"name":"Pages","item":"https:\/\/comfy.com.tr\/elements\/pages\/"},{"@type":"ListItem","position":4,"name":"Contact"}]},{"@type":"WebSite","@id":"https:\/\/comfy.com.tr\/#website","url":"https:\/\/comfy.com.tr\/","name":"Comfy","description":"Ayakkab\u0131 Aksesuar \u00dcretim ve Sat\u0131\u015f","publisher":{"@id":"https:\/\/comfy.com.tr\/#organization"},"potentialAction":[{"@type":"SearchAction","target":{"@type":"EntryPoint","urlTemplate":"https:\/\/comfy.com.tr\/?s={search_term_string}"},"query-input":{"@type":"PropertyValueSpecification","valueRequired":true,"valueName":"search_term_string"}}],"inLanguage":"en-US"},{"@type":"Organization","@id":"https:\/\/comfy.com.tr\/#organization","name":"Comfy","url":"https:\/\/comfy.com.tr\/","logo":{"@type":"ImageObject","inLanguage":"en-US","@id":"https:\/\/comfy.com.tr\/#\/schema\/logo\/image\/","url":"https:\/\/comfy.com.tr\/wp-content\/uploads\/2022\/04\/cropped-comfy-logo-1.png","contentUrl":"https:\/\/comfy.com.tr\/wp-content\/uploads\/2022\/04\/cropped-comfy-logo-1.png","width":512,"height":512,"caption":"Comfy"},"image":{"@id":"https:\/\/comfy.com.tr\/#\/schema\/logo\/image\/"},"sameAs":["https:\/\/www.facebook.com\/comfycomtr\/","https:\/\/x.com\/comfyshoecare","https:\/\/www.instagram.com\/comfyshoecare\/"]}]}},"_links":{"self":[{"href":"https:\/\/comfy.com.tr\/en\/wp-json\/wp\/v2\/pages\/81","targetHints":{"allow":["GET"]}}],"collection":[{"href":"https:\/\/comfy.com.tr\/en\/wp-json\/wp\/v2\/pages"}],"about":[{"href":"https:\/\/comfy.com.tr\/en\/wp-json\/wp\/v2\/types\/page"}],"author":[{"embeddable":true,"href":"https:\/\/comfy.com.tr\/en\/wp-json\/wp\/v2\/users\/1"}],"replies":[{"embeddable":true,"href":"https:\/\/comfy.com.tr\/en\/wp-json\/wp\/v2\/comments?post=81"}],"version-history":[{"count":21,"href":"https:\/\/comfy.com.tr\/en\/wp-json\/wp\/v2\/pages\/81\/revisions"}],"predecessor-version":[{"id":880,"href":"https:\/\/comfy.com.tr\/en\/wp-json\/wp\/v2\/pages\/81\/revisions\/880"}],"up":[{"embeddable":true,"href":"https:\/\/comfy.com.tr\/en\/wp-json\/wp\/v2\/pages\/44"}],"wp:attachment":[{"href":"https:\/\/comfy.com.tr\/en\/wp-json\/wp\/v2\/media?parent=81"}],"curies":[{"name":"wp","href":"https:\/\/api.w.org\/{rel}","templated":true}]}}