{"id":83,"date":"2013-08-11T19:06:15","date_gmt":"2013-08-11T19:06:15","guid":{"rendered":"http:\/\/localhost:8888\/test\/?page_id=520"},"modified":"2025-04-13T21:30:25","modified_gmt":"2025-04-13T18:30:25","slug":"about","status":"publish","type":"page","link":"https:\/\/comfy.com.tr\/en\/elements\/pages\/about\/","title":{"rendered":"About"},"content":{"rendered":"<section class=\"section dark\" id=\"section_94343523\">\n\t\t<div class=\"section-bg fill\" >\n\t\t\t<img loading=\"lazy\" decoding=\"async\" width=\"1920\" height=\"760\" src=\"https:\/\/comfy.com.tr\/wp-content\/uploads\/2023\/02\/metplas-banner.png\" class=\"bg attachment-original size-original\" alt=\"\" \/>\t\t\t\t\t\t<div class=\"section-bg-overlay absolute fill\"><\/div>\n\t\t\t\n\n\t\t<\/div>\n\n\t\t\n\n\t\t<div class=\"section-content relative\">\n\t\t\t\n\n<div class=\"row align-center\"  id=\"row-1324926262\">\n\n\n\t<div id=\"col-1263464144\" class=\"col medium-11 small-12 large-11\"  >\n\t\t\t\t<div class=\"col-inner\"  >\n\t\t\t\n\t\t\t\n\n\t<div id=\"text-3440749251\" class=\"text\">\n\t\t\n\n<h1>About Us<\/h1>\n<p>Metplas A.\u015e. , Ayakkab\u0131 bak\u0131m ve promosyon \u00fcr\u00fcnleri alan\u0131nda yapt\u0131\u011f\u0131 \u00fcretimlerini 1990 lar\u0131n sonlar\u0131nda <strong><span style=\"color: #f99b1c;\">Comfy<\/span><\/strong> markas\u0131 alt\u0131nda toplam\u0131\u015ft\u0131r.\u00a0<\/p>\n\t\t\n<style>\n#text-3440749251 {\n  font-size: 0.75rem;\n  text-align: center;\n}\n@media (min-width:550px) {\n  #text-3440749251 {\n    font-size: 1rem;\n  }\n}\n@media (min-width:850px) {\n  #text-3440749251 {\n    font-size: 1.25rem;\n  }\n}\n<\/style>\n\t<\/div>\n\t\n\n\t\t<\/div>\n\t\t\t\t\t<\/div>\n\n\t\n\n<\/div>\n\n\t\t<\/div>\n\n\t\t\n<style>\n#section_94343523 {\n  padding-top: 30px;\n  padding-bottom: 30px;\n  min-height: 500px;\n}\n#section_94343523 .section-bg-overlay {\n  background-color: rgba(0,0,0,.5);\n}\n#section_94343523 .section-bg img {\n  object-position: 49% 63%;\n}\n<\/style>\n\t<\/section>\n\t\n\n\t<section class=\"section hide-for-small\" id=\"section_535445995\">\n\t\t<div class=\"section-bg fill\" >\n\t\t\t\t\t\t\t\t\t\n\t\t\t\n\n\t\t<\/div>\n\n\t\t\n\n\t\t<div class=\"section-content relative\">\n\t\t\t\n\n<div class=\"row\" style=\"max-width:1200px\" id=\"row-188072594\">\n\n\n\t<div id=\"col-580092972\" class=\"col small-12 large-12\"  >\n\t\t\t\t<div class=\"col-inner\"  >\n\t\t\t\n\t\t\t\n\n<div class=\"row row-small align-center hide-for-small\" style=\"max-width:1200px\" id=\"row-1569252013\">\n\n\n\t<div id=\"col-1977839993\" class=\"col medium-4 small-12 large-3\"  >\n\t\t\t\t<div class=\"col-inner text-center\" style=\"background-color:rgb(255, 255, 255);\" >\n\t\t\t\n\t<div class=\"is-border\"\n\t\tstyle=\"border-width:2px 2px 2px 2px;\">\n\t<\/div>\n\t\t\t\n\n\t<div class=\"img has-hover x md-x lg-x y md-y lg-y\" id=\"image_605835136\">\n\t\t\t\t\t\t\t\t<div class=\"img-inner dark\" >\n\t\t\t<img loading=\"lazy\" decoding=\"async\" width=\"120\" height=\"120\" src=\"https:\/\/comfy.com.tr\/wp-content\/uploads\/2022\/04\/map-2-line.png\" class=\"attachment-large size-large\" alt=\"\" srcset=\"https:\/\/comfy.com.tr\/wp-content\/uploads\/2022\/04\/map-2-line.png 120w, https:\/\/comfy.com.tr\/wp-content\/uploads\/2022\/04\/map-2-line-100x100.png 100w\" sizes=\"auto, (max-width: 120px) 100vw, 120px\" \/>\t\t\t\t\t\t\n\t\t\t\t\t<\/div>\n\t\t\t\t\t\t\t\t\n<style>\n#image_605835136 {\n  width: 25%;\n}\n@media (min-width:550px) {\n  #image_605835136 {\n    width: 18%;\n  }\n}\n@media (min-width:850px) {\n  #image_605835136 {\n    width: 28%;\n  }\n}\n<\/style>\n\t<\/div>\n\t\n\n\t<div id=\"text-1375508247\" class=\"text\">\n\t\t\n\n<h2>Innovator<\/h2>\n\t\t\n<style>\n#text-1375508247 {\n  text-align: center;\n}\n<\/style>\n\t<\/div>\n\t\n\n\t\t<div class=\"icon-box featured-box icon-box-top text-left\"  >\n\t\t\t\t<div class=\"icon-box-text last-reset\">\n\t\t\t\t\t\t\t\t\t\n\n\t<div id=\"text-436516821\" class=\"text\">\n\t\t\n\n<p><span style=\"font-size: 80%;\">Always more innovative, further forward<\/span><\/p>\n<div id=\"gtx-trans\" style=\"position: absolute; left: -38px; top: -10.1016px;\">\n<div class=\"gtx-trans-icon\">\u00a0<\/div>\n<\/div>\n\t\t\n<style>\n#text-436516821 {\n  text-align: center;\n}\n<\/style>\n\t<\/div>\n\t\n\n\t\t<\/div>\n\t<\/div>\n\t\n\t\n\n\t\t<\/div>\n\t\t\t\t\n<style>\n#col-1977839993 > .col-inner {\n  padding: 30px 30px 30px 30px;\n}\n<\/style>\n\t<\/div>\n\n\t\n\n\t<div id=\"col-1271442800\" class=\"col medium-4 small-12 large-3\"  >\n\t\t\t\t<div class=\"col-inner text-center\" style=\"background-color:rgb(255, 255, 255);\" >\n\t\t\t\n\t<div class=\"is-border\"\n\t\tstyle=\"border-width:2px 2px 2px 2px;\">\n\t<\/div>\n\t\t\t\n\n\t<div class=\"img has-hover x md-x lg-x y md-y lg-y\" id=\"image_240542692\">\n\t\t\t\t\t\t\t\t<div class=\"img-inner dark\" >\n\t\t\t<img loading=\"lazy\" decoding=\"async\" width=\"120\" height=\"120\" src=\"https:\/\/comfy.com.tr\/wp-content\/uploads\/2022\/04\/ship-line.png\" class=\"attachment-large size-large\" alt=\"\" srcset=\"https:\/\/comfy.com.tr\/wp-content\/uploads\/2022\/04\/ship-line.png 120w, https:\/\/comfy.com.tr\/wp-content\/uploads\/2022\/04\/ship-line-100x100.png 100w\" sizes=\"auto, (max-width: 120px) 100vw, 120px\" \/>\t\t\t\t\t\t\n\t\t\t\t\t<\/div>\n\t\t\t\t\t\t\t\t\n<style>\n#image_240542692 {\n  width: 25%;\n}\n@media (min-width:550px) {\n  #image_240542692 {\n    width: 18%;\n  }\n}\n@media (min-width:850px) {\n  #image_240542692 {\n    width: 28%;\n  }\n}\n<\/style>\n\t<\/div>\n\t\n\n\t<div id=\"text-701960798\" class=\"text\">\n\t\t\n\n<h2>Development<\/h2>\n\t\t\n<style>\n#text-701960798 {\n  text-align: center;\n}\n<\/style>\n\t<\/div>\n\t\n\n\t\t<div class=\"icon-box featured-box icon-box-top text-left\"  >\n\t\t\t\t<div class=\"icon-box-text last-reset\">\n\t\t\t\t\t\t\t\t\t\n\n\t<div id=\"text-1791461675\" class=\"text\">\n\t\t\n\n<p><span style=\"font-size: 80%;\">We always focus on improving<\/span><\/p>\n<div id=\"gtx-trans\" style=\"position: absolute; left: -38px; top: -11.1016px;\">\n<div class=\"gtx-trans-icon\">\u00a0<\/div>\n<\/div>\n\t\t\n<style>\n#text-1791461675 {\n  text-align: center;\n}\n<\/style>\n\t<\/div>\n\t\n\n\t\t<\/div>\n\t<\/div>\n\t\n\t\n\n\t\t<\/div>\n\t\t\t\t\n<style>\n#col-1271442800 > .col-inner {\n  padding: 30px 30px 30px 30px;\n}\n<\/style>\n\t<\/div>\n\n\t\n\n\t<div id=\"col-1796215552\" class=\"col medium-4 small-12 large-3\"  >\n\t\t\t\t<div class=\"col-inner text-center\" style=\"background-color:rgb(255, 255, 255);\" >\n\t\t\t\n\t<div class=\"is-border\"\n\t\tstyle=\"border-width:2px 2px 2px 2px;\">\n\t<\/div>\n\t\t\t\n\n\t<div class=\"img has-hover x md-x lg-x y md-y lg-y\" id=\"image_300135612\">\n\t\t\t\t\t\t\t\t<div class=\"img-inner dark\" >\n\t\t\t<img loading=\"lazy\" decoding=\"async\" width=\"120\" height=\"120\" src=\"https:\/\/comfy.com.tr\/wp-content\/uploads\/2022\/04\/earth-line.png\" class=\"attachment-large size-large\" alt=\"\" srcset=\"https:\/\/comfy.com.tr\/wp-content\/uploads\/2022\/04\/earth-line.png 120w, https:\/\/comfy.com.tr\/wp-content\/uploads\/2022\/04\/earth-line-100x100.png 100w\" sizes=\"auto, (max-width: 120px) 100vw, 120px\" \/>\t\t\t\t\t\t\n\t\t\t\t\t<\/div>\n\t\t\t\t\t\t\t\t\n<style>\n#image_300135612 {\n  width: 25%;\n}\n@media (min-width:550px) {\n  #image_300135612 {\n    width: 18%;\n  }\n}\n@media (min-width:850px) {\n  #image_300135612 {\n    width: 28%;\n  }\n}\n<\/style>\n\t<\/div>\n\t\n\n\t<div id=\"text-326460849\" class=\"text\">\n\t\t\n\n<h2>Sensitive<\/h2>\n\t\t\n<style>\n#text-326460849 {\n  text-align: center;\n}\n<\/style>\n\t<\/div>\n\t\n\n\t\t<div class=\"icon-box featured-box icon-box-top text-left\"  >\n\t\t\t\t<div class=\"icon-box-text last-reset\">\n\t\t\t\t\t\t\t\t\t\n\n\t<div id=\"text-3980141232\" class=\"text\">\n\t\t\n\n<p><span style=\"font-size: 80%;\">We act environmentally friendly<\/span><\/p>\n<div id=\"gtx-trans\" style=\"position: absolute; left: -17px; top: -11.1016px;\">\n<div class=\"gtx-trans-icon\">\u00a0<\/div>\n<\/div>\n\t\t\n<style>\n#text-3980141232 {\n  text-align: center;\n}\n<\/style>\n\t<\/div>\n\t\n\n\t\t<\/div>\n\t<\/div>\n\t\n\t\n\n\t\t<\/div>\n\t\t\t\t\n<style>\n#col-1796215552 > .col-inner {\n  padding: 30px 30px 30px 30px;\n}\n<\/style>\n\t<\/div>\n\n\t\n\n<\/div>\n\n\t\t<\/div>\n\t\t\t\t\n<style>\n#col-580092972 > .col-inner {\n  margin: -110px 0px 0px 0px;\n}\n<\/style>\n\t<\/div>\n\n\t\n\n<\/div>\n\n\t\t<\/div>\n\n\t\t\n<style>\n#section_535445995 {\n  padding-top: 0px;\n  padding-bottom: 0px;\n}\n@media (min-width:550px) {\n  #section_535445995 {\n    padding-top: 30px;\n    padding-bottom: 30px;\n  }\n}\n<\/style>\n\t<\/section>\n\t\n\n\t<section class=\"section\" id=\"section_1072063935\">\n\t\t<div class=\"section-bg fill\" >\n\t\t\t\t\t\t\t\t\t\n\t\t\t\n\n\t\t<\/div>\n\n\t\t\n\n\t\t<div class=\"section-content relative\">\n\t\t\t\n\n<div class=\"row align-middle\" style=\"max-width:1200px\" id=\"row-346990499\">\n\n\n\t<div id=\"col-379239302\" class=\"col medium-12 small-12 large-6\"  data-animate=\"fadeInLeft\">\n\t\t\t\t<div class=\"col-inner\"  >\n\t\t\t\n\t\t\t\n\n\n  <div class=\"banner has-hover\" id=\"banner-684479025\">\n          <div class=\"banner-inner fill\">\n        <div class=\"banner-bg fill\" >\n            <img loading=\"lazy\" decoding=\"async\" width=\"700\" height=\"700\" src=\"https:\/\/comfy.com.tr\/wp-content\/uploads\/2022\/04\/ayakkabi-c\u0327ekeceg\u0306i-promosyon.png\" class=\"bg attachment-large size-large\" alt=\"plastik-promosyon-ayakkab\u0131-\u00e7ekece\u011fi\" \/>                                    \n                    <\/div>\n\t\t\n        <div class=\"banner-layers container\">\n            <div class=\"fill banner-link\"><\/div>            \n\n\n        <\/div>\n      <\/div>\n\n            \n<style>\n#banner-684479025 {\n  padding-top: 250px;\n  background-color: rgb(255, 255, 255);\n}\n#banner-684479025 .banner-bg img {\n  object-position: 55% 39%;\n}\n@media (min-width:550px) {\n  #banner-684479025 {\n    padding-top: 450px;\n  }\n}\n<\/style>\n  <\/div>\n\n\n\n\t\t<\/div>\n\t\t\t\t\t<\/div>\n\n\t\n\n\t<div id=\"col-911809311\" class=\"col medium-11 small-12 large-6\"  >\n\t\t\t\t<div class=\"col-inner\"  >\n\t\t\t\n\t\t\t\n\n\t<div id=\"text-974917891\" class=\"text\">\n\t\t\n\n<h3><span style=\"font-size: 80%;\">Ayakkab\u0131 sekt\u00f6r\u00fcnde,<br \/>Daima yenilik\u00e7i <span style=\"color: #f99b1c;\">Comfy<\/span><\/span><\/h3>\n<div id=\"gtx-trans\" style=\"position: absolute; left: -38px; top: -4.34375px;\">\n<div class=\"gtx-trans-icon\">\u00a0<\/div>\n<\/div>\n\t\t\n<style>\n#text-974917891 {\n  font-size: 1.25rem;\n}\n@media (min-width:550px) {\n  #text-974917891 {\n    font-size: 1.5rem;\n  }\n}\n<\/style>\n\t<\/div>\n\t\n\t<div id=\"text-3053478342\" class=\"text\">\n\t\t\n\n<p>Metplas Inc. gathered its productions in the field of shoe care and promotional products under the Comfy brand in the late 1990s. Always breaking new ground and innovations in the shoe industry, Comfy offers its own unique designs to users as patented products as a result of research and development activities that continue during the production process. In this way, it has become the choice of many leading shoe manufacturers and store chains in the domestic and foreign markets. Comfy, with its high stock numbers and power of production, meets the demands of all organizations, large and small, whenever needed. Metplas Inc. With the Comfy brand, it serves both domestic shoe manufacturers and stores and various customers in 32 different countries.<\/p>\n<div id=\"gtx-trans\" style=\"position: absolute; left: -38px; top: -11.1016px;\">\n<div class=\"gtx-trans-icon\">\u00a0<\/div>\n<\/div>\n\t\t\n<style>\n#text-3053478342 {\n  font-size: 1rem;\n}\n<\/style>\n\t<\/div>\n\t\n\n\t\t<\/div>\n\t\t\t\t\n<style>\n#col-911809311 > .col-inner {\n  padding: 0px 0px 0px 0;\n}\n@media (min-width:550px) {\n  #col-911809311 > .col-inner {\n    padding: 0px 0px 0px 30px;\n  }\n}\n<\/style>\n\t<\/div>\n\n\t\n\n<\/div>\n\n\t\t<\/div>\n\n\t\t\n<style>\n#section_1072063935 {\n  padding-top: 30px;\n  padding-bottom: 30px;\n}\n<\/style>\n\t<\/section>\n\t\n\n\t<section class=\"section\" id=\"section_880284740\">\n\t\t<div class=\"section-bg fill\" >\n\t\t\t\t\t\t\t\t\t\n\t\t\t\n\n\t\t<\/div>\n\n\t\t\n\n\t\t<div class=\"section-content relative\">\n\t\t\t\n\n<div class=\"row align-middle\" style=\"max-width:1200px\" id=\"row-931181481\">\n\n\n\t<div id=\"col-11952300\" class=\"col medium-11 small-12 large-4\"  >\n\t\t\t\t<div class=\"col-inner\"  >\n\t\t\t\n\t\t\t\n\n\t<div id=\"text-3831078610\" class=\"text\">\n\t\t\n\n<h4>We serve various customers in 32 different countries.<\/h4>\n\t\t\n<style>\n#text-3831078610 {\n  font-size: 1.25rem;\n}\n@media (min-width:550px) {\n  #text-3831078610 {\n    font-size: 1.5rem;\n  }\n}\n<\/style>\n\t<\/div>\n\t\n\t<div id=\"text-1414408179\" class=\"text\">\n\t\t\n\n<p>Metplas Inc. gathered its productions in the field of shoe care and promotional products under the Comfy brand in the late 1990s.<\/p>\n<p>Comfy, with its high stock numbers and power of production, meets the demands of all organizations, large and small, whenever needed. Metplas Inc. With the Comfy brand, it serves both domestic shoe manufacturers and stores and various customers in 32 different countries.<\/p>\n\t\t\n<style>\n#text-1414408179 {\n  font-size: 1rem;\n}\n<\/style>\n\t<\/div>\n\t\n\n\t\t<\/div>\n\t\t\t\t\n<style>\n#col-11952300 > .col-inner {\n  padding: 0px 30px 0px 0px;\n}\n<\/style>\n\t<\/div>\n\n\t\n\n\t<div id=\"col-4074669\" class=\"col medium-12 small-12 large-8 medium-col-first\"  data-animate=\"fadeInRight\">\n\t\t\t\t<div class=\"col-inner\"  >\n\t\t\t\n\t\t\t\n\n\n  <div class=\"banner has-hover\" id=\"banner-323280376\">\n          <div class=\"banner-inner fill\">\n        <div class=\"banner-bg fill\" >\n            <img loading=\"lazy\" decoding=\"async\" width=\"1020\" height=\"536\" src=\"https:\/\/comfy.com.tr\/wp-content\/uploads\/2022\/04\/Metal-Plastik-1400x736.jpg\" class=\"bg attachment-large size-large\" alt=\"\" \/>                                    \n                    <\/div>\n\t\t\n        <div class=\"banner-layers container\">\n            <div class=\"fill banner-link\"><\/div>            \n\n\n        <\/div>\n      <\/div>\n\n            \n<style>\n#banner-323280376 {\n  padding-top: 250px;\n  background-color: rgb(255, 255, 255);\n}\n#banner-323280376 .banner-bg img {\n  object-position: 64% 0%;\n}\n@media (min-width:550px) {\n  #banner-323280376 {\n    padding-top: 450px;\n  }\n}\n<\/style>\n  <\/div>\n\n\n\n\t\t<\/div>\n\t\t\t\t\t<\/div>\n\n\t\n\n<\/div>\n\n\t\t<\/div>\n\n\t\t\n<style>\n#section_880284740 {\n  padding-top: 60px;\n  padding-bottom: 60px;\n}\n<\/style>\n\t<\/section>\n\t\n\n\t<section class=\"section dark\" id=\"section_667566968\">\n\t\t<div class=\"section-bg fill\" >\n\t\t\t<img loading=\"lazy\" decoding=\"async\" width=\"1300\" height=\"863\" src=\"https:\/\/comfy.com.tr\/wp-content\/uploads\/2022\/04\/DSC_9692_9783-scaled-e1649799073332.jpg\" class=\"bg attachment- size-\" alt=\"comfy-ayakkab\u0131-aksesuar\" \/>\t\t\t\t\t\t<div class=\"section-bg-overlay absolute fill\"><\/div>\n\t\t\t\n\n\t\t<\/div>\n\n\t\t\n\n\t\t<div class=\"section-content relative\">\n\t\t\t\n\n<div class=\"row\" style=\"max-width:1200px\" id=\"row-1124338807\">\n\n\n\t<div id=\"col-588578644\" class=\"col small-12 large-12\"  >\n\t\t\t\t<div class=\"col-inner text-left\"  >\n\t\t\t\n\t\t\t\n\n\t<div id=\"gap-219840277\" class=\"gap-element clearfix\" style=\"display:block; height:auto;\">\n\t\t\n<style>\n#gap-219840277 {\n  padding-top: 50px;\n}\n<\/style>\n\t<\/div>\n\t\n\n<div class=\"row\"  id=\"row-950871014\">\n\n\n\t<div id=\"col-2383716\" class=\"col medium-12 small-12 large-12\"  >\n\t\t\t\t<div class=\"col-inner\"  >\n\t\t\t\n\t\t\t\n\n\t<div id=\"text-2033974071\" class=\"text\">\n\t\t\n\n<h3 style=\"text-align: left;\">Comfy Catalog<\/h3>\n<p style=\"text-align: left;\"><span style=\"font-size: 80%;\">You can examine our current catalog, which is divided into shoe molds, shoehorns, shoe shine sponges and showcase materials.<\/span><\/p>\n\t\t\n<style>\n#text-2033974071 {\n  font-size: 1rem;\n  text-align: center;\n}\n@media (min-width:550px) {\n  #text-2033974071 {\n    font-size: 1.25rem;\n  }\n}\n<\/style>\n\t<\/div>\n\t\n<a class=\"button secondary is-underline\" style=\"border-radius:9px;\">\n\t\t<span>Comfy Catalog<\/span>\n\t<\/a>\n\n\n\n\t\t<\/div>\n\t\t\t\t\t<\/div>\n\n\t\n\n<\/div>\n\n\t\t<\/div>\n\t\t\t\t\t<\/div>\n\n\t\n\n<\/div>\n\n\t\t<\/div>\n\n\t\t\n<style>\n#section_667566968 {\n  padding-top: 40px;\n  padding-bottom: 40px;\n  background-color: rgb(215, 212, 201);\n}\n#section_667566968 .section-bg-overlay {\n  background-color: rgba(0,0,0,.5);\n}\n<\/style>\n\t<\/section>\n\t\n\t<div id=\"gap-1814058272\" class=\"gap-element clearfix\" style=\"display:block; height:auto;\">\n\t\t\n<style>\n#gap-1814058272 {\n  padding-top: 51px;\n}\n<\/style>\n\t<\/div>","protected":false},"excerpt":{"rendered":"","protected":false},"author":1,"featured_media":0,"parent":44,"menu_order":0,"comment_status":"closed","ping_status":"closed","template":"page-blank.php","meta":{"footnotes":""},"class_list":["post-83","page","type-page","status-publish","hentry"],"yoast_head":"<!-- This site is optimized with the Yoast SEO plugin v27.4 - https:\/\/yoast.com\/product\/yoast-seo-wordpress\/ -->\n<title>About - Comfy<\/title>\n<meta name=\"robots\" content=\"index, follow, max-snippet:-1, max-image-preview:large, max-video-preview:-1\" \/>\n<link rel=\"canonical\" href=\"https:\/\/comfy.com.tr\/en\/elements\/pages\/about\/\" \/>\n<meta property=\"og:locale\" content=\"en_US\" \/>\n<meta property=\"og:type\" content=\"article\" \/>\n<meta property=\"og:title\" content=\"About - Comfy\" \/>\n<meta property=\"og:url\" content=\"https:\/\/comfy.com.tr\/en\/elements\/pages\/about\/\" \/>\n<meta property=\"og:site_name\" content=\"Comfy\" \/>\n<meta property=\"article:publisher\" content=\"https:\/\/www.facebook.com\/comfycomtr\/\" \/>\n<meta property=\"article:modified_time\" content=\"2025-04-13T18:30:25+00:00\" \/>\n<meta name=\"twitter:card\" content=\"summary_large_image\" \/>\n<meta name=\"twitter:site\" content=\"@comfyshoecare\" \/>\n<meta name=\"twitter:label1\" content=\"Est. reading time\" \/>\n\t<meta name=\"twitter:data1\" content=\"4 minutes\" \/>\n<!-- \/ Yoast SEO plugin. -->","yoast_head_json":{"title":"About - Comfy","robots":{"index":"index","follow":"follow","max-snippet":"max-snippet:-1","max-image-preview":"max-image-preview:large","max-video-preview":"max-video-preview:-1"},"canonical":"https:\/\/comfy.com.tr\/en\/elements\/pages\/about\/","og_locale":"en_US","og_type":"article","og_title":"About - Comfy","og_url":"https:\/\/comfy.com.tr\/en\/elements\/pages\/about\/","og_site_name":"Comfy","article_publisher":"https:\/\/www.facebook.com\/comfycomtr\/","article_modified_time":"2025-04-13T18:30:25+00:00","twitter_card":"summary_large_image","twitter_site":"@comfyshoecare","twitter_misc":{"Est. reading time":"4 minutes"},"schema":{"@context":"https:\/\/schema.org","@graph":[{"@type":"WebPage","@id":"https:\/\/comfy.com.tr\/elements\/pages\/about\/","url":"https:\/\/comfy.com.tr\/elements\/pages\/about\/","name":"About - Comfy","isPartOf":{"@id":"https:\/\/comfy.com.tr\/#website"},"datePublished":"2013-08-11T19:06:15+00:00","dateModified":"2025-04-13T18:30:25+00:00","breadcrumb":{"@id":"https:\/\/comfy.com.tr\/elements\/pages\/about\/#breadcrumb"},"inLanguage":"en-US","potentialAction":[{"@type":"ReadAction","target":["https:\/\/comfy.com.tr\/elements\/pages\/about\/"]}]},{"@type":"BreadcrumbList","@id":"https:\/\/comfy.com.tr\/elements\/pages\/about\/#breadcrumb","itemListElement":[{"@type":"ListItem","position":1,"name":"Anasayfa","item":"https:\/\/comfy.com.tr\/"},{"@type":"ListItem","position":2,"name":"Elements","item":"https:\/\/comfy.com.tr\/elements\/"},{"@type":"ListItem","position":3,"name":"Pages","item":"https:\/\/comfy.com.tr\/elements\/pages\/"},{"@type":"ListItem","position":4,"name":"About"}]},{"@type":"WebSite","@id":"https:\/\/comfy.com.tr\/#website","url":"https:\/\/comfy.com.tr\/","name":"Comfy","description":"Ayakkab\u0131 Aksesuar \u00dcretim ve Sat\u0131\u015f","publisher":{"@id":"https:\/\/comfy.com.tr\/#organization"},"potentialAction":[{"@type":"SearchAction","target":{"@type":"EntryPoint","urlTemplate":"https:\/\/comfy.com.tr\/?s={search_term_string}"},"query-input":{"@type":"PropertyValueSpecification","valueRequired":true,"valueName":"search_term_string"}}],"inLanguage":"en-US"},{"@type":"Organization","@id":"https:\/\/comfy.com.tr\/#organization","name":"Comfy","url":"https:\/\/comfy.com.tr\/","logo":{"@type":"ImageObject","inLanguage":"en-US","@id":"https:\/\/comfy.com.tr\/#\/schema\/logo\/image\/","url":"https:\/\/comfy.com.tr\/wp-content\/uploads\/2022\/04\/cropped-comfy-logo-1.png","contentUrl":"https:\/\/comfy.com.tr\/wp-content\/uploads\/2022\/04\/cropped-comfy-logo-1.png","width":512,"height":512,"caption":"Comfy"},"image":{"@id":"https:\/\/comfy.com.tr\/#\/schema\/logo\/image\/"},"sameAs":["https:\/\/www.facebook.com\/comfycomtr\/","https:\/\/x.com\/comfyshoecare","https:\/\/www.instagram.com\/comfyshoecare\/"]}]}},"_links":{"self":[{"href":"https:\/\/comfy.com.tr\/en\/wp-json\/wp\/v2\/pages\/83","targetHints":{"allow":["GET"]}}],"collection":[{"href":"https:\/\/comfy.com.tr\/en\/wp-json\/wp\/v2\/pages"}],"about":[{"href":"https:\/\/comfy.com.tr\/en\/wp-json\/wp\/v2\/types\/page"}],"author":[{"embeddable":true,"href":"https:\/\/comfy.com.tr\/en\/wp-json\/wp\/v2\/users\/1"}],"replies":[{"embeddable":true,"href":"https:\/\/comfy.com.tr\/en\/wp-json\/wp\/v2\/comments?post=83"}],"version-history":[{"count":21,"href":"https:\/\/comfy.com.tr\/en\/wp-json\/wp\/v2\/pages\/83\/revisions"}],"predecessor-version":[{"id":1122,"href":"https:\/\/comfy.com.tr\/en\/wp-json\/wp\/v2\/pages\/83\/revisions\/1122"}],"up":[{"embeddable":true,"href":"https:\/\/comfy.com.tr\/en\/wp-json\/wp\/v2\/pages\/44"}],"wp:attachment":[{"href":"https:\/\/comfy.com.tr\/en\/wp-json\/wp\/v2\/media?parent=83"}],"curies":[{"name":"wp","href":"https:\/\/api.w.org\/{rel}","templated":true}]}}