{"id":493,"date":"2022-04-12T05:40:17","date_gmt":"2022-04-12T02:40:17","guid":{"rendered":"https:\/\/comfy.com.tr\/?post_type=product&#038;p=493"},"modified":"2022-05-17T08:37:44","modified_gmt":"2022-05-17T05:37:44","slug":"kpt-01-plastik-kapilato-on","status":"publish","type":"product","link":"https:\/\/comfy.com.tr\/en\/product\/kpt-01-plastik-kapilato-on\/","title":{"rendered":"KPT.01 Plastic Kapilato Front"},"content":{"rendered":"<p>KPT.01 Gergi \u00c7ubu\u011fu modelimiz \u015f\u0131k duru\u015fuyla ayakkab\u0131n\u0131n sa\u011fl\u0131\u011f\u0131n\u0131 korur. Ayakkab\u0131n\u0131za de\u011fer katabilece\u011finiz m\u00fckemmel bir \u00fcr\u00fcnd\u00fcr.<\/p>\n<p>KPT.01 Gergi \u00c7ubu\u011fu modeli \u00e7o\u011fu ayakkab\u0131 modeli ile uyumludur.<br \/>\nPlease contact us for more detailed information.<\/p>","protected":false},"excerpt":{"rendered":"<p>Comfy shoe molds care about the health of your feet and add value to your shoes.<\/p>","protected":false},"featured_media":347,"template":"","meta":[],"product_brand":[],"product_cat":[20],"product_tag":[21,35],"class_list":{"0":"post-493","1":"product","2":"type-product","3":"status-publish","4":"has-post-thumbnail","6":"product_cat-plastik-ayakkabi-kalibi","7":"product_tag-ayakkabi-kalibi","8":"product_tag-kpt","10":"first","11":"instock","12":"product-type-simple"},"yoast_head":"<!-- This site is optimized with the Yoast SEO plugin v27.4 - https:\/\/yoast.com\/product\/yoast-seo-wordpress\/ -->\n<title>KPT.01 PLAST\u0130K KAP\u0130LATO \u00d6N - Comfy<\/title>\n<meta name=\"description\" content=\"KPT.01 Gergi \u00c7ubu\u011fu modelimiz \u015f\u0131k duru\u015fuyla ayakkab\u0131n\u0131n sa\u011fl\u0131\u011f\u0131n\u0131 korur. Ayakkab\u0131n\u0131za de\u011fer katabilece\u011finiz m\u00fckemmel bir \u00fcr\u00fcnd\u00fcr.\" \/>\n<meta name=\"robots\" content=\"index, follow, max-snippet:-1, max-image-preview:large, max-video-preview:-1\" \/>\n<link rel=\"canonical\" href=\"https:\/\/comfy.com.tr\/en\/product\/kpt-01-plastik-kapilato-on\/\" \/>\n<meta property=\"og:locale\" content=\"en_US\" \/>\n<meta property=\"og:type\" content=\"article\" \/>\n<meta property=\"og:title\" content=\"KPT.01 PLAST\u0130K KAP\u0130LATO \u00d6N - Comfy\" \/>\n<meta property=\"og:description\" content=\"KPT.01 Gergi \u00c7ubu\u011fu modelimiz \u015f\u0131k duru\u015fuyla ayakkab\u0131n\u0131n sa\u011fl\u0131\u011f\u0131n\u0131 korur. Ayakkab\u0131n\u0131za de\u011fer katabilece\u011finiz m\u00fckemmel bir \u00fcr\u00fcnd\u00fcr.\" \/>\n<meta property=\"og:url\" content=\"https:\/\/comfy.com.tr\/en\/product\/kpt-01-plastik-kapilato-on\/\" \/>\n<meta property=\"og:site_name\" content=\"Comfy\" \/>\n<meta property=\"article:publisher\" content=\"https:\/\/www.facebook.com\/comfycomtr\/\" \/>\n<meta property=\"article:modified_time\" content=\"2022-05-17T05:37:44+00:00\" \/>\n<meta property=\"og:image\" content=\"https:\/\/comfy.com.tr\/wp-content\/uploads\/2022\/04\/KPT.jpg\" \/>\n\t<meta property=\"og:image:width\" content=\"600\" \/>\n\t<meta property=\"og:image:height\" content=\"600\" \/>\n\t<meta property=\"og:image:type\" content=\"image\/jpeg\" \/>\n<meta name=\"twitter:card\" content=\"summary_large_image\" \/>\n<meta name=\"twitter:site\" content=\"@comfyshoecare\" \/>\n<!-- \/ Yoast SEO plugin. -->","yoast_head_json":{"title":"KPT.01 PLAST\u0130K KAP\u0130LATO \u00d6N - Comfy","description":"KPT.01 Gergi \u00c7ubu\u011fu modelimiz \u015f\u0131k duru\u015fuyla ayakkab\u0131n\u0131n sa\u011fl\u0131\u011f\u0131n\u0131 korur. Ayakkab\u0131n\u0131za de\u011fer katabilece\u011finiz m\u00fckemmel bir \u00fcr\u00fcnd\u00fcr.","robots":{"index":"index","follow":"follow","max-snippet":"max-snippet:-1","max-image-preview":"max-image-preview:large","max-video-preview":"max-video-preview:-1"},"canonical":"https:\/\/comfy.com.tr\/en\/product\/kpt-01-plastik-kapilato-on\/","og_locale":"en_US","og_type":"article","og_title":"KPT.01 PLAST\u0130K KAP\u0130LATO \u00d6N - Comfy","og_description":"KPT.01 Gergi \u00c7ubu\u011fu modelimiz \u015f\u0131k duru\u015fuyla ayakkab\u0131n\u0131n sa\u011fl\u0131\u011f\u0131n\u0131 korur. Ayakkab\u0131n\u0131za de\u011fer katabilece\u011finiz m\u00fckemmel bir \u00fcr\u00fcnd\u00fcr.","og_url":"https:\/\/comfy.com.tr\/en\/product\/kpt-01-plastik-kapilato-on\/","og_site_name":"Comfy","article_publisher":"https:\/\/www.facebook.com\/comfycomtr\/","article_modified_time":"2022-05-17T05:37:44+00:00","og_image":[{"width":600,"height":600,"url":"https:\/\/comfy.com.tr\/wp-content\/uploads\/2022\/04\/KPT.jpg","type":"image\/jpeg"}],"twitter_card":"summary_large_image","twitter_site":"@comfyshoecare","schema":{"@context":"https:\/\/schema.org","@graph":[{"@type":"WebPage","@id":"https:\/\/comfy.com.tr\/product\/kpt-01-plastik-kapilato-on\/","url":"https:\/\/comfy.com.tr\/product\/kpt-01-plastik-kapilato-on\/","name":"KPT.01 PLAST\u0130K KAP\u0130LATO \u00d6N - Comfy","isPartOf":{"@id":"https:\/\/comfy.com.tr\/#website"},"primaryImageOfPage":{"@id":"https:\/\/comfy.com.tr\/product\/kpt-01-plastik-kapilato-on\/#primaryimage"},"image":{"@id":"https:\/\/comfy.com.tr\/product\/kpt-01-plastik-kapilato-on\/#primaryimage"},"thumbnailUrl":"https:\/\/comfy.com.tr\/wp-content\/uploads\/2022\/04\/KPT.jpg","datePublished":"2022-04-12T02:40:17+00:00","dateModified":"2022-05-17T05:37:44+00:00","description":"KPT.01 Gergi \u00c7ubu\u011fu modelimiz \u015f\u0131k duru\u015fuyla ayakkab\u0131n\u0131n sa\u011fl\u0131\u011f\u0131n\u0131 korur. Ayakkab\u0131n\u0131za de\u011fer katabilece\u011finiz m\u00fckemmel bir \u00fcr\u00fcnd\u00fcr.","breadcrumb":{"@id":"https:\/\/comfy.com.tr\/product\/kpt-01-plastik-kapilato-on\/#breadcrumb"},"inLanguage":"en-US","potentialAction":[{"@type":"ReadAction","target":["https:\/\/comfy.com.tr\/product\/kpt-01-plastik-kapilato-on\/"]}]},{"@type":"ImageObject","inLanguage":"en-US","@id":"https:\/\/comfy.com.tr\/product\/kpt-01-plastik-kapilato-on\/#primaryimage","url":"https:\/\/comfy.com.tr\/wp-content\/uploads\/2022\/04\/KPT.jpg","contentUrl":"https:\/\/comfy.com.tr\/wp-content\/uploads\/2022\/04\/KPT.jpg","width":600,"height":600},{"@type":"BreadcrumbList","@id":"https:\/\/comfy.com.tr\/product\/kpt-01-plastik-kapilato-on\/#breadcrumb","itemListElement":[{"@type":"ListItem","position":1,"name":"Anasayfa","item":"https:\/\/comfy.com.tr\/"},{"@type":"ListItem","position":2,"name":"Shop","item":"https:\/\/comfy.com.tr\/shop\/"},{"@type":"ListItem","position":3,"name":"KPT.01 PLAST\u0130K KAP\u0130LATO \u00d6N"}]},{"@type":"WebSite","@id":"https:\/\/comfy.com.tr\/#website","url":"https:\/\/comfy.com.tr\/","name":"Comfy","description":"Ayakkab\u0131 Aksesuar \u00dcretim ve Sat\u0131\u015f","publisher":{"@id":"https:\/\/comfy.com.tr\/#organization"},"potentialAction":[{"@type":"SearchAction","target":{"@type":"EntryPoint","urlTemplate":"https:\/\/comfy.com.tr\/?s={search_term_string}"},"query-input":{"@type":"PropertyValueSpecification","valueRequired":true,"valueName":"search_term_string"}}],"inLanguage":"en-US"},{"@type":"Organization","@id":"https:\/\/comfy.com.tr\/#organization","name":"Comfy","url":"https:\/\/comfy.com.tr\/","logo":{"@type":"ImageObject","inLanguage":"en-US","@id":"https:\/\/comfy.com.tr\/#\/schema\/logo\/image\/","url":"https:\/\/comfy.com.tr\/wp-content\/uploads\/2022\/04\/cropped-comfy-logo-1.png","contentUrl":"https:\/\/comfy.com.tr\/wp-content\/uploads\/2022\/04\/cropped-comfy-logo-1.png","width":512,"height":512,"caption":"Comfy"},"image":{"@id":"https:\/\/comfy.com.tr\/#\/schema\/logo\/image\/"},"sameAs":["https:\/\/www.facebook.com\/comfycomtr\/","https:\/\/x.com\/comfyshoecare","https:\/\/www.instagram.com\/comfyshoecare\/"]}]}},"_links":{"self":[{"href":"https:\/\/comfy.com.tr\/en\/wp-json\/wp\/v2\/product\/493","targetHints":{"allow":["GET"]}}],"collection":[{"href":"https:\/\/comfy.com.tr\/en\/wp-json\/wp\/v2\/product"}],"about":[{"href":"https:\/\/comfy.com.tr\/en\/wp-json\/wp\/v2\/types\/product"}],"wp:featuredmedia":[{"embeddable":true,"href":"https:\/\/comfy.com.tr\/en\/wp-json\/wp\/v2\/media\/347"}],"wp:attachment":[{"href":"https:\/\/comfy.com.tr\/en\/wp-json\/wp\/v2\/media?parent=493"}],"wp:term":[{"taxonomy":"product_brand","embeddable":true,"href":"https:\/\/comfy.com.tr\/en\/wp-json\/wp\/v2\/product_brand?post=493"},{"taxonomy":"product_cat","embeddable":true,"href":"https:\/\/comfy.com.tr\/en\/wp-json\/wp\/v2\/product_cat?post=493"},{"taxonomy":"product_tag","embeddable":true,"href":"https:\/\/comfy.com.tr\/en\/wp-json\/wp\/v2\/product_tag?post=493"}],"curies":[{"name":"wp","href":"https:\/\/api.w.org\/{rel}","templated":true}]}}