{"id":495,"date":"2022-04-12T05:40:17","date_gmt":"2022-04-12T02:40:17","guid":{"rendered":"https:\/\/comfy.com.tr\/?post_type=product&#038;p=495"},"modified":"2022-05-17T08:35:39","modified_gmt":"2022-05-17T05:35:39","slug":"ck-07-plastik-ayakkabi-cekecegi-12cm","status":"publish","type":"product","link":"https:\/\/comfy.com.tr\/en\/product\/ck-07-plastik-ayakkabi-cekecegi-12cm\/","title":{"rendered":"CK.07 Plastic Shoe Horns 12cm"},"content":{"rendered":"<p>CK.07 Ayakkab\u0131 \u00c7ekece\u011fi modelimiz \u015f\u0131k duru\u015fuyla belinizin sa\u011fl\u0131\u011f\u0131n\u0131 korur. Ayakkab\u0131n\u0131za de\u011fer katabilece\u011finiz m\u00fckemmel bir \u00fcr\u00fcnd\u00fcr.<\/p>\n<p>CK.07 modeli \u00e7o\u011fu ayakkab\u0131 modeli ile uyumludur.<br \/>\nPlease contact us for more detailed information.<\/p>","protected":false},"excerpt":{"rendered":"<p>Comfy Ayakkab\u0131 \u00c7ekecekleri ayakkab\u0131n\u0131z\u0131n \u00f6mr\u00fcn\u00fc \u00f6nemser ve ayakkab\u0131n\u0131za de\u011fer katar.<\/p>","protected":false},"featured_media":810,"template":"","meta":[],"product_brand":[],"product_cat":[36],"product_tag":[37,38,65,66],"class_list":{"0":"post-495","1":"product","2":"type-product","3":"status-publish","4":"has-post-thumbnail","6":"product_cat-plastik-ayakkabi-cekecegi","7":"product_tag-ayakkabi-cekecegi","8":"product_tag-ck","9":"product_tag-kerata","10":"product_tag-plastik-ayakkabi-cekecegi","12":"first","13":"instock","14":"product-type-simple"},"yoast_head":"<!-- This site is optimized with the Yoast SEO plugin v27.4 - https:\/\/yoast.com\/product\/yoast-seo-wordpress\/ -->\n<title>CK.07 PLAST\u0130K AYAKKABI \u00c7EKECE\u011e\u0130 12cm - Comfy<\/title>\n<meta name=\"description\" content=\"CK.07 Ayakkab\u0131 \u00c7ekece\u011fi modelimiz \u015f\u0131k duru\u015fuyla belinizin sa\u011fl\u0131\u011f\u0131n\u0131 korur. Ayakkab\u0131n\u0131za de\u011fer katabilece\u011finiz m\u00fckemmel bir \u00fcr\u00fcnd\u00fcr.\" \/>\n<meta name=\"robots\" content=\"index, follow, max-snippet:-1, max-image-preview:large, max-video-preview:-1\" \/>\n<link rel=\"canonical\" href=\"https:\/\/comfy.com.tr\/en\/product\/ck-07-plastik-ayakkabi-cekecegi-12cm\/\" \/>\n<meta property=\"og:locale\" content=\"en_US\" \/>\n<meta property=\"og:type\" content=\"article\" \/>\n<meta property=\"og:title\" content=\"CK.07 PLAST\u0130K AYAKKABI \u00c7EKECE\u011e\u0130 12cm - Comfy\" \/>\n<meta property=\"og:description\" content=\"CK.07 Ayakkab\u0131 \u00c7ekece\u011fi modelimiz \u015f\u0131k duru\u015fuyla belinizin sa\u011fl\u0131\u011f\u0131n\u0131 korur. Ayakkab\u0131n\u0131za de\u011fer katabilece\u011finiz m\u00fckemmel bir \u00fcr\u00fcnd\u00fcr.\" \/>\n<meta property=\"og:url\" content=\"https:\/\/comfy.com.tr\/en\/product\/ck-07-plastik-ayakkabi-cekecegi-12cm\/\" \/>\n<meta property=\"og:site_name\" content=\"Comfy\" \/>\n<meta property=\"article:publisher\" content=\"https:\/\/www.facebook.com\/comfycomtr\/\" \/>\n<meta property=\"article:modified_time\" content=\"2022-05-17T05:35:39+00:00\" \/>\n<meta property=\"og:image\" content=\"https:\/\/comfy.com.tr\/wp-content\/uploads\/2022\/04\/plastik-ayakkabi-c\u0327ekeceg\u0306i-kerata-CK.07.jpg\" \/>\n\t<meta property=\"og:image:width\" content=\"600\" \/>\n\t<meta property=\"og:image:height\" content=\"600\" \/>\n\t<meta property=\"og:image:type\" content=\"image\/jpeg\" \/>\n<meta name=\"twitter:card\" content=\"summary_large_image\" \/>\n<meta name=\"twitter:site\" content=\"@comfyshoecare\" \/>\n<!-- \/ Yoast SEO plugin. -->","yoast_head_json":{"title":"CK.07 PLAST\u0130K AYAKKABI \u00c7EKECE\u011e\u0130 12cm - Comfy","description":"CK.07 Ayakkab\u0131 \u00c7ekece\u011fi modelimiz \u015f\u0131k duru\u015fuyla belinizin sa\u011fl\u0131\u011f\u0131n\u0131 korur. Ayakkab\u0131n\u0131za de\u011fer katabilece\u011finiz m\u00fckemmel bir \u00fcr\u00fcnd\u00fcr.","robots":{"index":"index","follow":"follow","max-snippet":"max-snippet:-1","max-image-preview":"max-image-preview:large","max-video-preview":"max-video-preview:-1"},"canonical":"https:\/\/comfy.com.tr\/en\/product\/ck-07-plastik-ayakkabi-cekecegi-12cm\/","og_locale":"en_US","og_type":"article","og_title":"CK.07 PLAST\u0130K AYAKKABI \u00c7EKECE\u011e\u0130 12cm - Comfy","og_description":"CK.07 Ayakkab\u0131 \u00c7ekece\u011fi modelimiz \u015f\u0131k duru\u015fuyla belinizin sa\u011fl\u0131\u011f\u0131n\u0131 korur. Ayakkab\u0131n\u0131za de\u011fer katabilece\u011finiz m\u00fckemmel bir \u00fcr\u00fcnd\u00fcr.","og_url":"https:\/\/comfy.com.tr\/en\/product\/ck-07-plastik-ayakkabi-cekecegi-12cm\/","og_site_name":"Comfy","article_publisher":"https:\/\/www.facebook.com\/comfycomtr\/","article_modified_time":"2022-05-17T05:35:39+00:00","og_image":[{"width":600,"height":600,"url":"https:\/\/comfy.com.tr\/wp-content\/uploads\/2022\/04\/plastik-ayakkabi-c\u0327ekeceg\u0306i-kerata-CK.07.jpg","type":"image\/jpeg"}],"twitter_card":"summary_large_image","twitter_site":"@comfyshoecare","schema":{"@context":"https:\/\/schema.org","@graph":[{"@type":"WebPage","@id":"https:\/\/comfy.com.tr\/product\/ck-07-plastik-ayakkabi-cekecegi-12cm\/","url":"https:\/\/comfy.com.tr\/product\/ck-07-plastik-ayakkabi-cekecegi-12cm\/","name":"CK.07 PLAST\u0130K AYAKKABI \u00c7EKECE\u011e\u0130 12cm - Comfy","isPartOf":{"@id":"https:\/\/comfy.com.tr\/#website"},"primaryImageOfPage":{"@id":"https:\/\/comfy.com.tr\/product\/ck-07-plastik-ayakkabi-cekecegi-12cm\/#primaryimage"},"image":{"@id":"https:\/\/comfy.com.tr\/product\/ck-07-plastik-ayakkabi-cekecegi-12cm\/#primaryimage"},"thumbnailUrl":"https:\/\/comfy.com.tr\/wp-content\/uploads\/2022\/04\/plastik-ayakkabi-c\u0327ekeceg\u0306i-kerata-CK.07.jpg","datePublished":"2022-04-12T02:40:17+00:00","dateModified":"2022-05-17T05:35:39+00:00","description":"CK.07 Ayakkab\u0131 \u00c7ekece\u011fi modelimiz \u015f\u0131k duru\u015fuyla belinizin sa\u011fl\u0131\u011f\u0131n\u0131 korur. Ayakkab\u0131n\u0131za de\u011fer katabilece\u011finiz m\u00fckemmel bir \u00fcr\u00fcnd\u00fcr.","breadcrumb":{"@id":"https:\/\/comfy.com.tr\/product\/ck-07-plastik-ayakkabi-cekecegi-12cm\/#breadcrumb"},"inLanguage":"en-US","potentialAction":[{"@type":"ReadAction","target":["https:\/\/comfy.com.tr\/product\/ck-07-plastik-ayakkabi-cekecegi-12cm\/"]}]},{"@type":"ImageObject","inLanguage":"en-US","@id":"https:\/\/comfy.com.tr\/product\/ck-07-plastik-ayakkabi-cekecegi-12cm\/#primaryimage","url":"https:\/\/comfy.com.tr\/wp-content\/uploads\/2022\/04\/plastik-ayakkabi-c\u0327ekeceg\u0306i-kerata-CK.07.jpg","contentUrl":"https:\/\/comfy.com.tr\/wp-content\/uploads\/2022\/04\/plastik-ayakkabi-c\u0327ekeceg\u0306i-kerata-CK.07.jpg","width":600,"height":600,"caption":"plastik-ayakkab\u0131-c\u0327ekeceg\u0306i-kerata-CK.07"},{"@type":"BreadcrumbList","@id":"https:\/\/comfy.com.tr\/product\/ck-07-plastik-ayakkabi-cekecegi-12cm\/#breadcrumb","itemListElement":[{"@type":"ListItem","position":1,"name":"Anasayfa","item":"https:\/\/comfy.com.tr\/"},{"@type":"ListItem","position":2,"name":"Shop","item":"https:\/\/comfy.com.tr\/shop\/"},{"@type":"ListItem","position":3,"name":"CK.07 PLAST\u0130K AYAKKABI \u00c7EKECE\u011e\u0130 12cm"}]},{"@type":"WebSite","@id":"https:\/\/comfy.com.tr\/#website","url":"https:\/\/comfy.com.tr\/","name":"Comfy","description":"Ayakkab\u0131 Aksesuar \u00dcretim ve Sat\u0131\u015f","publisher":{"@id":"https:\/\/comfy.com.tr\/#organization"},"potentialAction":[{"@type":"SearchAction","target":{"@type":"EntryPoint","urlTemplate":"https:\/\/comfy.com.tr\/?s={search_term_string}"},"query-input":{"@type":"PropertyValueSpecification","valueRequired":true,"valueName":"search_term_string"}}],"inLanguage":"en-US"},{"@type":"Organization","@id":"https:\/\/comfy.com.tr\/#organization","name":"Comfy","url":"https:\/\/comfy.com.tr\/","logo":{"@type":"ImageObject","inLanguage":"en-US","@id":"https:\/\/comfy.com.tr\/#\/schema\/logo\/image\/","url":"https:\/\/comfy.com.tr\/wp-content\/uploads\/2022\/04\/cropped-comfy-logo-1.png","contentUrl":"https:\/\/comfy.com.tr\/wp-content\/uploads\/2022\/04\/cropped-comfy-logo-1.png","width":512,"height":512,"caption":"Comfy"},"image":{"@id":"https:\/\/comfy.com.tr\/#\/schema\/logo\/image\/"},"sameAs":["https:\/\/www.facebook.com\/comfycomtr\/","https:\/\/x.com\/comfyshoecare","https:\/\/www.instagram.com\/comfyshoecare\/"]}]}},"_links":{"self":[{"href":"https:\/\/comfy.com.tr\/en\/wp-json\/wp\/v2\/product\/495","targetHints":{"allow":["GET"]}}],"collection":[{"href":"https:\/\/comfy.com.tr\/en\/wp-json\/wp\/v2\/product"}],"about":[{"href":"https:\/\/comfy.com.tr\/en\/wp-json\/wp\/v2\/types\/product"}],"wp:featuredmedia":[{"embeddable":true,"href":"https:\/\/comfy.com.tr\/en\/wp-json\/wp\/v2\/media\/810"}],"wp:attachment":[{"href":"https:\/\/comfy.com.tr\/en\/wp-json\/wp\/v2\/media?parent=495"}],"wp:term":[{"taxonomy":"product_brand","embeddable":true,"href":"https:\/\/comfy.com.tr\/en\/wp-json\/wp\/v2\/product_brand?post=495"},{"taxonomy":"product_cat","embeddable":true,"href":"https:\/\/comfy.com.tr\/en\/wp-json\/wp\/v2\/product_cat?post=495"},{"taxonomy":"product_tag","embeddable":true,"href":"https:\/\/comfy.com.tr\/en\/wp-json\/wp\/v2\/product_tag?post=495"}],"curies":[{"name":"wp","href":"https:\/\/api.w.org\/{rel}","templated":true}]}}