{"id":504,"date":"2022-04-12T05:40:20","date_gmt":"2022-04-12T02:40:20","guid":{"rendered":"https:\/\/comfy.com.tr\/?post_type=product&#038;p=504"},"modified":"2022-05-17T08:47:07","modified_gmt":"2022-05-17T05:47:07","slug":"st-65-60-adet-uck-65-model-cekecek-stand-icerisinde","status":"publish","type":"product","link":"https:\/\/comfy.com.tr\/en\/product\/st-65-60-adet-uck-65-model-cekecek-stand-icerisinde\/","title":{"rendered":"ST.65 60 PCS UCK.65 INSIDE THE STAND TO DRAW THE MODEL"},"content":{"rendered":"<p>ST.65 Stand Ayakkab\u0131 \u00c7ekece\u011fi modelimiz UCK.65&#8217;in \u015f\u0131k duru\u015fuyla belinizin sa\u011fl\u0131\u011f\u0131n\u0131 korur. Ayakkab\u0131n\u0131za de\u011fer katabilece\u011finiz m\u00fckemmel bir \u00fcr\u00fcnd\u00fcr.<\/p>\n<p>ST.65 Stand UCK.65 ayakkab\u0131 \u00e7ekece\u011fi i\u00e7erir.<br \/>\nPlease contact us for more detailed information.<\/p>","protected":false},"excerpt":{"rendered":"<p>Comfy Ayakkab\u0131 \u00c7ekecekleri ayakkab\u0131n\u0131z\u0131n \u00f6mr\u00fcn\u00fc \u00f6nemser ve ayakkab\u0131n\u0131za de\u011fer katar.<\/p>","protected":false},"featured_media":838,"template":"","meta":[],"product_brand":[],"product_cat":[36],"product_tag":[37,65,66,44],"class_list":{"0":"post-504","1":"product","2":"type-product","3":"status-publish","4":"has-post-thumbnail","6":"product_cat-plastik-ayakkabi-cekecegi","7":"product_tag-ayakkabi-cekecegi","8":"product_tag-kerata","9":"product_tag-plastik-ayakkabi-cekecegi","10":"product_tag-st","12":"first","13":"instock","14":"product-type-simple"},"yoast_head":"<!-- This site is optimized with the Yoast SEO plugin v27.3 - https:\/\/yoast.com\/product\/yoast-seo-wordpress\/ -->\n<title>ST.65 60 ADET UCK.65 MODEL \u00c7EKECEK STAND \u0130\u00c7ER\u0130S\u0130NDE - Comfy<\/title>\n<meta name=\"description\" content=\"ST.65 Stand Ayakkab\u0131 \u00c7ekece\u011fi modelimiz UCK.65&#039;in \u015f\u0131k duru\u015fuyla belinizin sa\u011fl\u0131\u011f\u0131n\u0131 korur. Ayakkab\u0131n\u0131za de\u011fer katabilece\u011finiz bir \u00fcr\u00fcnd\u00fcr.\" \/>\n<meta name=\"robots\" content=\"index, follow, max-snippet:-1, max-image-preview:large, max-video-preview:-1\" \/>\n<link rel=\"canonical\" href=\"https:\/\/comfy.com.tr\/en\/product\/st-65-60-adet-uck-65-model-cekecek-stand-icerisinde\/\" \/>\n<meta property=\"og:locale\" content=\"en_US\" \/>\n<meta property=\"og:type\" content=\"article\" \/>\n<meta property=\"og:title\" content=\"ST.65 60 ADET UCK.65 MODEL \u00c7EKECEK STAND \u0130\u00c7ER\u0130S\u0130NDE - Comfy\" \/>\n<meta property=\"og:description\" content=\"ST.65 Stand Ayakkab\u0131 \u00c7ekece\u011fi modelimiz UCK.65&#039;in \u015f\u0131k duru\u015fuyla belinizin sa\u011fl\u0131\u011f\u0131n\u0131 korur. Ayakkab\u0131n\u0131za de\u011fer katabilece\u011finiz bir \u00fcr\u00fcnd\u00fcr.\" \/>\n<meta property=\"og:url\" content=\"https:\/\/comfy.com.tr\/en\/product\/st-65-60-adet-uck-65-model-cekecek-stand-icerisinde\/\" \/>\n<meta property=\"og:site_name\" content=\"Comfy\" \/>\n<meta property=\"article:publisher\" content=\"https:\/\/www.facebook.com\/comfycomtr\/\" \/>\n<meta property=\"article:modified_time\" content=\"2022-05-17T05:47:07+00:00\" \/>\n<meta property=\"og:image\" content=\"https:\/\/comfy.com.tr\/wp-content\/uploads\/2022\/04\/ST.65-60-UCK.65-MODEL-C\u0327EKECEK-STAND-I\u0307C\u0327ERI\u0307SI\u0307NDE.png\" \/>\n\t<meta property=\"og:image:width\" content=\"1200\" \/>\n\t<meta property=\"og:image:height\" content=\"1028\" \/>\n\t<meta property=\"og:image:type\" content=\"image\/png\" \/>\n<meta name=\"twitter:card\" content=\"summary_large_image\" \/>\n<meta name=\"twitter:site\" content=\"@comfyshoecare\" \/>\n<!-- \/ Yoast SEO plugin. -->","yoast_head_json":{"title":"ST.65 60 ADET UCK.65 MODEL \u00c7EKECEK STAND \u0130\u00c7ER\u0130S\u0130NDE - Comfy","description":"ST.65 Stand Ayakkab\u0131 \u00c7ekece\u011fi modelimiz UCK.65'in \u015f\u0131k duru\u015fuyla belinizin sa\u011fl\u0131\u011f\u0131n\u0131 korur. Ayakkab\u0131n\u0131za de\u011fer katabilece\u011finiz bir \u00fcr\u00fcnd\u00fcr.","robots":{"index":"index","follow":"follow","max-snippet":"max-snippet:-1","max-image-preview":"max-image-preview:large","max-video-preview":"max-video-preview:-1"},"canonical":"https:\/\/comfy.com.tr\/en\/product\/st-65-60-adet-uck-65-model-cekecek-stand-icerisinde\/","og_locale":"en_US","og_type":"article","og_title":"ST.65 60 ADET UCK.65 MODEL \u00c7EKECEK STAND \u0130\u00c7ER\u0130S\u0130NDE - Comfy","og_description":"ST.65 Stand Ayakkab\u0131 \u00c7ekece\u011fi modelimiz UCK.65'in \u015f\u0131k duru\u015fuyla belinizin sa\u011fl\u0131\u011f\u0131n\u0131 korur. Ayakkab\u0131n\u0131za de\u011fer katabilece\u011finiz bir \u00fcr\u00fcnd\u00fcr.","og_url":"https:\/\/comfy.com.tr\/en\/product\/st-65-60-adet-uck-65-model-cekecek-stand-icerisinde\/","og_site_name":"Comfy","article_publisher":"https:\/\/www.facebook.com\/comfycomtr\/","article_modified_time":"2022-05-17T05:47:07+00:00","og_image":[{"width":1200,"height":1028,"url":"https:\/\/comfy.com.tr\/wp-content\/uploads\/2022\/04\/ST.65-60-UCK.65-MODEL-C\u0327EKECEK-STAND-I\u0307C\u0327ERI\u0307SI\u0307NDE.png","type":"image\/png"}],"twitter_card":"summary_large_image","twitter_site":"@comfyshoecare","schema":{"@context":"https:\/\/schema.org","@graph":[{"@type":"WebPage","@id":"https:\/\/comfy.com.tr\/product\/st-65-60-adet-uck-65-model-cekecek-stand-icerisinde\/","url":"https:\/\/comfy.com.tr\/product\/st-65-60-adet-uck-65-model-cekecek-stand-icerisinde\/","name":"ST.65 60 ADET UCK.65 MODEL \u00c7EKECEK STAND \u0130\u00c7ER\u0130S\u0130NDE - Comfy","isPartOf":{"@id":"https:\/\/comfy.com.tr\/#website"},"primaryImageOfPage":{"@id":"https:\/\/comfy.com.tr\/product\/st-65-60-adet-uck-65-model-cekecek-stand-icerisinde\/#primaryimage"},"image":{"@id":"https:\/\/comfy.com.tr\/product\/st-65-60-adet-uck-65-model-cekecek-stand-icerisinde\/#primaryimage"},"thumbnailUrl":"https:\/\/comfy.com.tr\/wp-content\/uploads\/2022\/04\/ST.65-60-UCK.65-MODEL-C\u0327EKECEK-STAND-I\u0307C\u0327ERI\u0307SI\u0307NDE.png","datePublished":"2022-04-12T02:40:20+00:00","dateModified":"2022-05-17T05:47:07+00:00","description":"ST.65 Stand Ayakkab\u0131 \u00c7ekece\u011fi modelimiz UCK.65'in \u015f\u0131k duru\u015fuyla belinizin sa\u011fl\u0131\u011f\u0131n\u0131 korur. Ayakkab\u0131n\u0131za de\u011fer katabilece\u011finiz bir \u00fcr\u00fcnd\u00fcr.","breadcrumb":{"@id":"https:\/\/comfy.com.tr\/product\/st-65-60-adet-uck-65-model-cekecek-stand-icerisinde\/#breadcrumb"},"inLanguage":"en-US","potentialAction":[{"@type":"ReadAction","target":["https:\/\/comfy.com.tr\/product\/st-65-60-adet-uck-65-model-cekecek-stand-icerisinde\/"]}]},{"@type":"ImageObject","inLanguage":"en-US","@id":"https:\/\/comfy.com.tr\/product\/st-65-60-adet-uck-65-model-cekecek-stand-icerisinde\/#primaryimage","url":"https:\/\/comfy.com.tr\/wp-content\/uploads\/2022\/04\/ST.65-60-UCK.65-MODEL-C\u0327EKECEK-STAND-I\u0307C\u0327ERI\u0307SI\u0307NDE.png","contentUrl":"https:\/\/comfy.com.tr\/wp-content\/uploads\/2022\/04\/ST.65-60-UCK.65-MODEL-C\u0327EKECEK-STAND-I\u0307C\u0327ERI\u0307SI\u0307NDE.png","width":1200,"height":1028,"caption":"ST.65-60-UCK.65-MODEL-C\u0327EKECEK-STAND-I\u0307C\u0327ERI\u0307SI\u0307NDE"},{"@type":"BreadcrumbList","@id":"https:\/\/comfy.com.tr\/product\/st-65-60-adet-uck-65-model-cekecek-stand-icerisinde\/#breadcrumb","itemListElement":[{"@type":"ListItem","position":1,"name":"Anasayfa","item":"https:\/\/comfy.com.tr\/"},{"@type":"ListItem","position":2,"name":"Shop","item":"https:\/\/comfy.com.tr\/shop\/"},{"@type":"ListItem","position":3,"name":"ST.65 60 ADET UCK.65 MODEL \u00c7EKECEK STAND \u0130\u00c7ER\u0130S\u0130NDE"}]},{"@type":"WebSite","@id":"https:\/\/comfy.com.tr\/#website","url":"https:\/\/comfy.com.tr\/","name":"Comfy","description":"Ayakkab\u0131 Aksesuar \u00dcretim ve Sat\u0131\u015f","publisher":{"@id":"https:\/\/comfy.com.tr\/#organization"},"potentialAction":[{"@type":"SearchAction","target":{"@type":"EntryPoint","urlTemplate":"https:\/\/comfy.com.tr\/?s={search_term_string}"},"query-input":{"@type":"PropertyValueSpecification","valueRequired":true,"valueName":"search_term_string"}}],"inLanguage":"en-US"},{"@type":"Organization","@id":"https:\/\/comfy.com.tr\/#organization","name":"Comfy","url":"https:\/\/comfy.com.tr\/","logo":{"@type":"ImageObject","inLanguage":"en-US","@id":"https:\/\/comfy.com.tr\/#\/schema\/logo\/image\/","url":"https:\/\/comfy.com.tr\/wp-content\/uploads\/2022\/04\/cropped-comfy-logo-1.png","contentUrl":"https:\/\/comfy.com.tr\/wp-content\/uploads\/2022\/04\/cropped-comfy-logo-1.png","width":512,"height":512,"caption":"Comfy"},"image":{"@id":"https:\/\/comfy.com.tr\/#\/schema\/logo\/image\/"},"sameAs":["https:\/\/www.facebook.com\/comfycomtr\/","https:\/\/x.com\/comfyshoecare","https:\/\/www.instagram.com\/comfyshoecare\/"]}]}},"_links":{"self":[{"href":"https:\/\/comfy.com.tr\/en\/wp-json\/wp\/v2\/product\/504","targetHints":{"allow":["GET"]}}],"collection":[{"href":"https:\/\/comfy.com.tr\/en\/wp-json\/wp\/v2\/product"}],"about":[{"href":"https:\/\/comfy.com.tr\/en\/wp-json\/wp\/v2\/types\/product"}],"wp:featuredmedia":[{"embeddable":true,"href":"https:\/\/comfy.com.tr\/en\/wp-json\/wp\/v2\/media\/838"}],"wp:attachment":[{"href":"https:\/\/comfy.com.tr\/en\/wp-json\/wp\/v2\/media?parent=504"}],"wp:term":[{"taxonomy":"product_brand","embeddable":true,"href":"https:\/\/comfy.com.tr\/en\/wp-json\/wp\/v2\/product_brand?post=504"},{"taxonomy":"product_cat","embeddable":true,"href":"https:\/\/comfy.com.tr\/en\/wp-json\/wp\/v2\/product_cat?post=504"},{"taxonomy":"product_tag","embeddable":true,"href":"https:\/\/comfy.com.tr\/en\/wp-json\/wp\/v2\/product_tag?post=504"}],"curies":[{"name":"wp","href":"https:\/\/api.w.org\/{rel}","templated":true}]}}