{"id":511,"date":"2022-04-12T05:40:21","date_gmt":"2022-04-12T02:40:21","guid":{"rendered":"https:\/\/comfy.com.tr\/?post_type=product&#038;p=511"},"modified":"2022-05-17T08:44:44","modified_gmt":"2022-05-17T05:44:44","slug":"dp-050-seffaf-deveboynu-gergi-uzun","status":"publish","type":"product","link":"https:\/\/comfy.com.tr\/en\/product\/dp-050-seffaf-deveboynu-gergi-uzun\/","title":{"rendered":"DP.050 TRANSPARENT STRECH BAR LARGE"},"content":{"rendered":"<p>DP.050 \u015eeffaf Deveboynu Gergi Uzun Vitrinlerde \u015f\u0131kl\u0131\u011f\u0131n\u0131 korur.<\/p>\n<p>DP.050 ihtiyac\u0131n\u0131z\u0131 kar\u015f\u0131laman\u0131z\u0131 sa\u011flar.<br \/>\nPlease contact us for more detailed information.<\/p>","protected":false},"excerpt":{"rendered":"<p>Comfy Vitrin Malzemeleri bulundu\u011fu vitrinlerde \u015f\u0131kl\u0131\u011f\u0131 \u00f6nemser.<\/p>","protected":false},"featured_media":824,"template":"","meta":[],"product_brand":[],"product_cat":[30],"product_tag":[49,50],"class_list":{"0":"post-511","1":"product","2":"type-product","3":"status-publish","4":"has-post-thumbnail","6":"product_cat-ayakkabi-vitrin-malzemeleri","7":"product_tag-dp","8":"product_tag-vitrin-malzemeleri","10":"first","11":"instock","12":"product-type-simple"},"yoast_head":"<!-- This site is optimized with the Yoast SEO plugin v27.4 - https:\/\/yoast.com\/product\/yoast-seo-wordpress\/ -->\n<title>DP.050 \u015eEFFAF DEVEBOYNU GERG\u0130 UZUN - Comfy<\/title>\n<meta name=\"description\" content=\"DP.050 \u015eeffaf Deveboynu Gergi Uzun Vitrinlerde \u015f\u0131kl\u0131\u011f\u0131n\u0131 korur. Di\u011fer vitrin \u00fcr\u00fcnlerimiz i\u00e7in sitemizi inceliyebilirisiniz.\" \/>\n<meta name=\"robots\" content=\"index, follow, max-snippet:-1, max-image-preview:large, max-video-preview:-1\" \/>\n<link rel=\"canonical\" href=\"https:\/\/comfy.com.tr\/en\/product\/dp-050-seffaf-deveboynu-gergi-uzun\/\" \/>\n<meta property=\"og:locale\" content=\"en_US\" \/>\n<meta property=\"og:type\" content=\"article\" \/>\n<meta property=\"og:title\" content=\"DP.050 \u015eEFFAF DEVEBOYNU GERG\u0130 UZUN - Comfy\" \/>\n<meta property=\"og:description\" content=\"DP.050 \u015eeffaf Deveboynu Gergi Uzun Vitrinlerde \u015f\u0131kl\u0131\u011f\u0131n\u0131 korur. Di\u011fer vitrin \u00fcr\u00fcnlerimiz i\u00e7in sitemizi inceliyebilirisiniz.\" \/>\n<meta property=\"og:url\" content=\"https:\/\/comfy.com.tr\/en\/product\/dp-050-seffaf-deveboynu-gergi-uzun\/\" \/>\n<meta property=\"og:site_name\" content=\"Comfy\" \/>\n<meta property=\"article:publisher\" content=\"https:\/\/www.facebook.com\/comfycomtr\/\" \/>\n<meta property=\"article:modified_time\" content=\"2022-05-17T05:44:44+00:00\" \/>\n<meta property=\"og:image\" content=\"https:\/\/comfy.com.tr\/wp-content\/uploads\/2022\/04\/DP.050-s\u0327effaf-deveboynu-gergi-uzun.png\" \/>\n\t<meta property=\"og:image:width\" content=\"1080\" \/>\n\t<meta property=\"og:image:height\" content=\"1080\" \/>\n\t<meta property=\"og:image:type\" content=\"image\/png\" \/>\n<meta name=\"twitter:card\" content=\"summary_large_image\" \/>\n<meta name=\"twitter:site\" content=\"@comfyshoecare\" \/>\n<!-- \/ Yoast SEO plugin. -->","yoast_head_json":{"title":"DP.050 \u015eEFFAF DEVEBOYNU GERG\u0130 UZUN - Comfy","description":"DP.050 \u015eeffaf Deveboynu Gergi Uzun Vitrinlerde \u015f\u0131kl\u0131\u011f\u0131n\u0131 korur. Di\u011fer vitrin \u00fcr\u00fcnlerimiz i\u00e7in sitemizi inceliyebilirisiniz.","robots":{"index":"index","follow":"follow","max-snippet":"max-snippet:-1","max-image-preview":"max-image-preview:large","max-video-preview":"max-video-preview:-1"},"canonical":"https:\/\/comfy.com.tr\/en\/product\/dp-050-seffaf-deveboynu-gergi-uzun\/","og_locale":"en_US","og_type":"article","og_title":"DP.050 \u015eEFFAF DEVEBOYNU GERG\u0130 UZUN - Comfy","og_description":"DP.050 \u015eeffaf Deveboynu Gergi Uzun Vitrinlerde \u015f\u0131kl\u0131\u011f\u0131n\u0131 korur. Di\u011fer vitrin \u00fcr\u00fcnlerimiz i\u00e7in sitemizi inceliyebilirisiniz.","og_url":"https:\/\/comfy.com.tr\/en\/product\/dp-050-seffaf-deveboynu-gergi-uzun\/","og_site_name":"Comfy","article_publisher":"https:\/\/www.facebook.com\/comfycomtr\/","article_modified_time":"2022-05-17T05:44:44+00:00","og_image":[{"width":1080,"height":1080,"url":"https:\/\/comfy.com.tr\/wp-content\/uploads\/2022\/04\/DP.050-s\u0327effaf-deveboynu-gergi-uzun.png","type":"image\/png"}],"twitter_card":"summary_large_image","twitter_site":"@comfyshoecare","schema":{"@context":"https:\/\/schema.org","@graph":[{"@type":"WebPage","@id":"https:\/\/comfy.com.tr\/product\/dp-050-seffaf-deveboynu-gergi-uzun\/","url":"https:\/\/comfy.com.tr\/product\/dp-050-seffaf-deveboynu-gergi-uzun\/","name":"DP.050 \u015eEFFAF DEVEBOYNU GERG\u0130 UZUN - Comfy","isPartOf":{"@id":"https:\/\/comfy.com.tr\/#website"},"primaryImageOfPage":{"@id":"https:\/\/comfy.com.tr\/product\/dp-050-seffaf-deveboynu-gergi-uzun\/#primaryimage"},"image":{"@id":"https:\/\/comfy.com.tr\/product\/dp-050-seffaf-deveboynu-gergi-uzun\/#primaryimage"},"thumbnailUrl":"https:\/\/comfy.com.tr\/wp-content\/uploads\/2022\/04\/DP.050-s\u0327effaf-deveboynu-gergi-uzun.png","datePublished":"2022-04-12T02:40:21+00:00","dateModified":"2022-05-17T05:44:44+00:00","description":"DP.050 \u015eeffaf Deveboynu Gergi Uzun Vitrinlerde \u015f\u0131kl\u0131\u011f\u0131n\u0131 korur. Di\u011fer vitrin \u00fcr\u00fcnlerimiz i\u00e7in sitemizi inceliyebilirisiniz.","breadcrumb":{"@id":"https:\/\/comfy.com.tr\/product\/dp-050-seffaf-deveboynu-gergi-uzun\/#breadcrumb"},"inLanguage":"en-US","potentialAction":[{"@type":"ReadAction","target":["https:\/\/comfy.com.tr\/product\/dp-050-seffaf-deveboynu-gergi-uzun\/"]}]},{"@type":"ImageObject","inLanguage":"en-US","@id":"https:\/\/comfy.com.tr\/product\/dp-050-seffaf-deveboynu-gergi-uzun\/#primaryimage","url":"https:\/\/comfy.com.tr\/wp-content\/uploads\/2022\/04\/DP.050-s\u0327effaf-deveboynu-gergi-uzun.png","contentUrl":"https:\/\/comfy.com.tr\/wp-content\/uploads\/2022\/04\/DP.050-s\u0327effaf-deveboynu-gergi-uzun.png","width":1080,"height":1080,"caption":"DP.050-s\u0327effaf-deveboynu-gergi-uzun"},{"@type":"BreadcrumbList","@id":"https:\/\/comfy.com.tr\/product\/dp-050-seffaf-deveboynu-gergi-uzun\/#breadcrumb","itemListElement":[{"@type":"ListItem","position":1,"name":"Anasayfa","item":"https:\/\/comfy.com.tr\/"},{"@type":"ListItem","position":2,"name":"Shop","item":"https:\/\/comfy.com.tr\/shop\/"},{"@type":"ListItem","position":3,"name":"DP.050 \u015eEFFAF DEVEBOYNU GERG\u0130 UZUN"}]},{"@type":"WebSite","@id":"https:\/\/comfy.com.tr\/#website","url":"https:\/\/comfy.com.tr\/","name":"Comfy","description":"Ayakkab\u0131 Aksesuar \u00dcretim ve Sat\u0131\u015f","publisher":{"@id":"https:\/\/comfy.com.tr\/#organization"},"potentialAction":[{"@type":"SearchAction","target":{"@type":"EntryPoint","urlTemplate":"https:\/\/comfy.com.tr\/?s={search_term_string}"},"query-input":{"@type":"PropertyValueSpecification","valueRequired":true,"valueName":"search_term_string"}}],"inLanguage":"en-US"},{"@type":"Organization","@id":"https:\/\/comfy.com.tr\/#organization","name":"Comfy","url":"https:\/\/comfy.com.tr\/","logo":{"@type":"ImageObject","inLanguage":"en-US","@id":"https:\/\/comfy.com.tr\/#\/schema\/logo\/image\/","url":"https:\/\/comfy.com.tr\/wp-content\/uploads\/2022\/04\/cropped-comfy-logo-1.png","contentUrl":"https:\/\/comfy.com.tr\/wp-content\/uploads\/2022\/04\/cropped-comfy-logo-1.png","width":512,"height":512,"caption":"Comfy"},"image":{"@id":"https:\/\/comfy.com.tr\/#\/schema\/logo\/image\/"},"sameAs":["https:\/\/www.facebook.com\/comfycomtr\/","https:\/\/x.com\/comfyshoecare","https:\/\/www.instagram.com\/comfyshoecare\/"]}]}},"_links":{"self":[{"href":"https:\/\/comfy.com.tr\/en\/wp-json\/wp\/v2\/product\/511","targetHints":{"allow":["GET"]}}],"collection":[{"href":"https:\/\/comfy.com.tr\/en\/wp-json\/wp\/v2\/product"}],"about":[{"href":"https:\/\/comfy.com.tr\/en\/wp-json\/wp\/v2\/types\/product"}],"wp:featuredmedia":[{"embeddable":true,"href":"https:\/\/comfy.com.tr\/en\/wp-json\/wp\/v2\/media\/824"}],"wp:attachment":[{"href":"https:\/\/comfy.com.tr\/en\/wp-json\/wp\/v2\/media?parent=511"}],"wp:term":[{"taxonomy":"product_brand","embeddable":true,"href":"https:\/\/comfy.com.tr\/en\/wp-json\/wp\/v2\/product_brand?post=511"},{"taxonomy":"product_cat","embeddable":true,"href":"https:\/\/comfy.com.tr\/en\/wp-json\/wp\/v2\/product_cat?post=511"},{"taxonomy":"product_tag","embeddable":true,"href":"https:\/\/comfy.com.tr\/en\/wp-json\/wp\/v2\/product_tag?post=511"}],"curies":[{"name":"wp","href":"https:\/\/api.w.org\/{rel}","templated":true}]}}