{"id":512,"date":"2022-04-12T05:40:21","date_gmt":"2022-04-12T02:40:21","guid":{"rendered":"https:\/\/comfy.com.tr\/?post_type=product&#038;p=512"},"modified":"2022-05-17T08:44:08","modified_gmt":"2022-05-17T05:44:08","slug":"dp-055-seffaf-deveboynu-gergi-kisa","status":"publish","type":"product","link":"https:\/\/comfy.com.tr\/en\/product\/dp-055-seffaf-deveboynu-gergi-kisa\/","title":{"rendered":"DP.055 TRANSPARENT STRECH BAR SMALL"},"content":{"rendered":"<p>DP.055 \u015eeffaf Deveboynu Gergi K\u0131sa Vitrinlerde \u015f\u0131kl\u0131\u011f\u0131n\u0131 korur.<\/p>\n<p>DP.055 ihtiyac\u0131n\u0131z\u0131 kar\u015f\u0131laman\u0131z\u0131 sa\u011flar.<br \/>\nPlease contact us for more detailed information.<\/p>","protected":false},"excerpt":{"rendered":"<p>Comfy Vitrin Malzemeleri bulundu\u011fu vitrinlerde \u015f\u0131kl\u0131\u011f\u0131 \u00f6nemser.<\/p>","protected":false},"featured_media":830,"template":"","meta":[],"product_brand":[],"product_cat":[30],"product_tag":[49,50],"class_list":{"0":"post-512","1":"product","2":"type-product","3":"status-publish","4":"has-post-thumbnail","6":"product_cat-ayakkabi-vitrin-malzemeleri","7":"product_tag-dp","8":"product_tag-vitrin-malzemeleri","10":"first","11":"instock","12":"product-type-simple"},"yoast_head":"<!-- This site is optimized with the Yoast SEO plugin v27.4 - https:\/\/yoast.com\/product\/yoast-seo-wordpress\/ -->\n<title>DP.055 \u015eEFFAF DEVEBOYNU GERG\u0130 KISA - Comfy<\/title>\n<meta name=\"description\" content=\"DP.055 \u015eeffaf Deveboynu Gergi K\u0131sa Vitrinlerde \u015f\u0131kl\u0131\u011f\u0131n\u0131 korur. Ma\u011fazan\u0131z\u0131n vitrininizin de\u011ferini artt\u0131r\u0131r.\" \/>\n<meta name=\"robots\" content=\"index, follow, max-snippet:-1, max-image-preview:large, max-video-preview:-1\" \/>\n<link rel=\"canonical\" href=\"https:\/\/comfy.com.tr\/en\/product\/dp-055-seffaf-deveboynu-gergi-kisa\/\" \/>\n<meta property=\"og:locale\" content=\"en_US\" \/>\n<meta property=\"og:type\" content=\"article\" \/>\n<meta property=\"og:title\" content=\"DP.055 \u015eEFFAF DEVEBOYNU GERG\u0130 KISA - Comfy\" \/>\n<meta property=\"og:description\" content=\"DP.055 \u015eeffaf Deveboynu Gergi K\u0131sa Vitrinlerde \u015f\u0131kl\u0131\u011f\u0131n\u0131 korur. Ma\u011fazan\u0131z\u0131n vitrininizin de\u011ferini artt\u0131r\u0131r.\" \/>\n<meta property=\"og:url\" content=\"https:\/\/comfy.com.tr\/en\/product\/dp-055-seffaf-deveboynu-gergi-kisa\/\" \/>\n<meta property=\"og:site_name\" content=\"Comfy\" \/>\n<meta property=\"article:publisher\" content=\"https:\/\/www.facebook.com\/comfycomtr\/\" \/>\n<meta property=\"article:modified_time\" content=\"2022-05-17T05:44:08+00:00\" \/>\n<meta property=\"og:image\" content=\"https:\/\/comfy.com.tr\/wp-content\/uploads\/2022\/04\/DP.055-S\u0327EFFAF-DEVEBOYNU-GERGI\u0307-KISA.png\" \/>\n\t<meta property=\"og:image:width\" content=\"1080\" \/>\n\t<meta property=\"og:image:height\" content=\"1080\" \/>\n\t<meta property=\"og:image:type\" content=\"image\/png\" \/>\n<meta name=\"twitter:card\" content=\"summary_large_image\" \/>\n<meta name=\"twitter:site\" content=\"@comfyshoecare\" \/>\n<!-- \/ Yoast SEO plugin. -->","yoast_head_json":{"title":"DP.055 \u015eEFFAF DEVEBOYNU GERG\u0130 KISA - Comfy","description":"DP.055 \u015eeffaf Deveboynu Gergi K\u0131sa Vitrinlerde \u015f\u0131kl\u0131\u011f\u0131n\u0131 korur. Ma\u011fazan\u0131z\u0131n vitrininizin de\u011ferini artt\u0131r\u0131r.","robots":{"index":"index","follow":"follow","max-snippet":"max-snippet:-1","max-image-preview":"max-image-preview:large","max-video-preview":"max-video-preview:-1"},"canonical":"https:\/\/comfy.com.tr\/en\/product\/dp-055-seffaf-deveboynu-gergi-kisa\/","og_locale":"en_US","og_type":"article","og_title":"DP.055 \u015eEFFAF DEVEBOYNU GERG\u0130 KISA - Comfy","og_description":"DP.055 \u015eeffaf Deveboynu Gergi K\u0131sa Vitrinlerde \u015f\u0131kl\u0131\u011f\u0131n\u0131 korur. Ma\u011fazan\u0131z\u0131n vitrininizin de\u011ferini artt\u0131r\u0131r.","og_url":"https:\/\/comfy.com.tr\/en\/product\/dp-055-seffaf-deveboynu-gergi-kisa\/","og_site_name":"Comfy","article_publisher":"https:\/\/www.facebook.com\/comfycomtr\/","article_modified_time":"2022-05-17T05:44:08+00:00","og_image":[{"width":1080,"height":1080,"url":"https:\/\/comfy.com.tr\/wp-content\/uploads\/2022\/04\/DP.055-S\u0327EFFAF-DEVEBOYNU-GERGI\u0307-KISA.png","type":"image\/png"}],"twitter_card":"summary_large_image","twitter_site":"@comfyshoecare","schema":{"@context":"https:\/\/schema.org","@graph":[{"@type":"WebPage","@id":"https:\/\/comfy.com.tr\/product\/dp-055-seffaf-deveboynu-gergi-kisa\/","url":"https:\/\/comfy.com.tr\/product\/dp-055-seffaf-deveboynu-gergi-kisa\/","name":"DP.055 \u015eEFFAF DEVEBOYNU GERG\u0130 KISA - Comfy","isPartOf":{"@id":"https:\/\/comfy.com.tr\/#website"},"primaryImageOfPage":{"@id":"https:\/\/comfy.com.tr\/product\/dp-055-seffaf-deveboynu-gergi-kisa\/#primaryimage"},"image":{"@id":"https:\/\/comfy.com.tr\/product\/dp-055-seffaf-deveboynu-gergi-kisa\/#primaryimage"},"thumbnailUrl":"https:\/\/comfy.com.tr\/wp-content\/uploads\/2022\/04\/DP.055-S\u0327EFFAF-DEVEBOYNU-GERGI\u0307-KISA.png","datePublished":"2022-04-12T02:40:21+00:00","dateModified":"2022-05-17T05:44:08+00:00","description":"DP.055 \u015eeffaf Deveboynu Gergi K\u0131sa Vitrinlerde \u015f\u0131kl\u0131\u011f\u0131n\u0131 korur. Ma\u011fazan\u0131z\u0131n vitrininizin de\u011ferini artt\u0131r\u0131r.","breadcrumb":{"@id":"https:\/\/comfy.com.tr\/product\/dp-055-seffaf-deveboynu-gergi-kisa\/#breadcrumb"},"inLanguage":"en-US","potentialAction":[{"@type":"ReadAction","target":["https:\/\/comfy.com.tr\/product\/dp-055-seffaf-deveboynu-gergi-kisa\/"]}]},{"@type":"ImageObject","inLanguage":"en-US","@id":"https:\/\/comfy.com.tr\/product\/dp-055-seffaf-deveboynu-gergi-kisa\/#primaryimage","url":"https:\/\/comfy.com.tr\/wp-content\/uploads\/2022\/04\/DP.055-S\u0327EFFAF-DEVEBOYNU-GERGI\u0307-KISA.png","contentUrl":"https:\/\/comfy.com.tr\/wp-content\/uploads\/2022\/04\/DP.055-S\u0327EFFAF-DEVEBOYNU-GERGI\u0307-KISA.png","width":1080,"height":1080,"caption":"DP.055-S\u0327EFFAF-DEVEBOYNU-GERGI\u0307-KISA"},{"@type":"BreadcrumbList","@id":"https:\/\/comfy.com.tr\/product\/dp-055-seffaf-deveboynu-gergi-kisa\/#breadcrumb","itemListElement":[{"@type":"ListItem","position":1,"name":"Anasayfa","item":"https:\/\/comfy.com.tr\/"},{"@type":"ListItem","position":2,"name":"Shop","item":"https:\/\/comfy.com.tr\/shop\/"},{"@type":"ListItem","position":3,"name":"DP.055 \u015eEFFAF DEVEBOYNU GERG\u0130 KISA"}]},{"@type":"WebSite","@id":"https:\/\/comfy.com.tr\/#website","url":"https:\/\/comfy.com.tr\/","name":"Comfy","description":"Ayakkab\u0131 Aksesuar \u00dcretim ve Sat\u0131\u015f","publisher":{"@id":"https:\/\/comfy.com.tr\/#organization"},"potentialAction":[{"@type":"SearchAction","target":{"@type":"EntryPoint","urlTemplate":"https:\/\/comfy.com.tr\/?s={search_term_string}"},"query-input":{"@type":"PropertyValueSpecification","valueRequired":true,"valueName":"search_term_string"}}],"inLanguage":"en-US"},{"@type":"Organization","@id":"https:\/\/comfy.com.tr\/#organization","name":"Comfy","url":"https:\/\/comfy.com.tr\/","logo":{"@type":"ImageObject","inLanguage":"en-US","@id":"https:\/\/comfy.com.tr\/#\/schema\/logo\/image\/","url":"https:\/\/comfy.com.tr\/wp-content\/uploads\/2022\/04\/cropped-comfy-logo-1.png","contentUrl":"https:\/\/comfy.com.tr\/wp-content\/uploads\/2022\/04\/cropped-comfy-logo-1.png","width":512,"height":512,"caption":"Comfy"},"image":{"@id":"https:\/\/comfy.com.tr\/#\/schema\/logo\/image\/"},"sameAs":["https:\/\/www.facebook.com\/comfycomtr\/","https:\/\/x.com\/comfyshoecare","https:\/\/www.instagram.com\/comfyshoecare\/"]}]}},"_links":{"self":[{"href":"https:\/\/comfy.com.tr\/en\/wp-json\/wp\/v2\/product\/512","targetHints":{"allow":["GET"]}}],"collection":[{"href":"https:\/\/comfy.com.tr\/en\/wp-json\/wp\/v2\/product"}],"about":[{"href":"https:\/\/comfy.com.tr\/en\/wp-json\/wp\/v2\/types\/product"}],"wp:featuredmedia":[{"embeddable":true,"href":"https:\/\/comfy.com.tr\/en\/wp-json\/wp\/v2\/media\/830"}],"wp:attachment":[{"href":"https:\/\/comfy.com.tr\/en\/wp-json\/wp\/v2\/media?parent=512"}],"wp:term":[{"taxonomy":"product_brand","embeddable":true,"href":"https:\/\/comfy.com.tr\/en\/wp-json\/wp\/v2\/product_brand?post=512"},{"taxonomy":"product_cat","embeddable":true,"href":"https:\/\/comfy.com.tr\/en\/wp-json\/wp\/v2\/product_cat?post=512"},{"taxonomy":"product_tag","embeddable":true,"href":"https:\/\/comfy.com.tr\/en\/wp-json\/wp\/v2\/product_tag?post=512"}],"curies":[{"name":"wp","href":"https:\/\/api.w.org\/{rel}","templated":true}]}}