{"id":517,"date":"2022-04-12T05:40:21","date_gmt":"2022-04-12T02:40:21","guid":{"rendered":"https:\/\/comfy.com.tr\/?post_type=product&#038;p=517"},"modified":"2022-05-17T08:46:39","modified_gmt":"2022-05-17T05:46:39","slug":"dp-030-kanala-gecmeli-ayakkabi-rafi","status":"publish","type":"product","link":"https:\/\/comfy.com.tr\/en\/product\/dp-030-kanala-gecmeli-ayakkabi-rafi\/","title":{"rendered":"DP.030 SHELF FOR SHOES"},"content":{"rendered":"<p>DP.030 Kanala Ge\u00e7meli Ayakkab\u0131 Raf\u0131 Vitrinlerde \u015f\u0131kl\u0131\u011f\u0131n\u0131 korur.<\/p>\n<p>DP.030 ihtiyac\u0131n\u0131z\u0131 kar\u015f\u0131laman\u0131z\u0131 sa\u011flar.<br \/>\nPlease contact us for more detailed information.<\/p>","protected":false},"excerpt":{"rendered":"<p>Comfy Vitrin Malzemeleri bulundu\u011fu vitrinlerde \u015f\u0131kl\u0131\u011f\u0131 \u00f6nemser.<\/p>","protected":false},"featured_media":714,"template":"","meta":[],"product_brand":[],"product_cat":[30],"product_tag":[49,50],"class_list":{"0":"post-517","1":"product","2":"type-product","3":"status-publish","4":"has-post-thumbnail","6":"product_cat-ayakkabi-vitrin-malzemeleri","7":"product_tag-dp","8":"product_tag-vitrin-malzemeleri","10":"first","11":"instock","12":"product-type-simple"},"yoast_head":"<!-- This site is optimized with the Yoast SEO plugin v27.6 - https:\/\/yoast.com\/product\/yoast-seo-wordpress\/ -->\n<title>DP.030 KANALA GE\u00c7MEL\u0130 AYAKKABI RAFI - Comfy<\/title>\n<meta name=\"description\" content=\"DP.030 Kanala Ge\u00e7meli Ayakkab\u0131 Raf\u0131 Vitrinlerde \u015f\u0131kl\u0131\u011f\u0131n\u0131 korur. \u00dcretimimiz di\u011fer ayakkab\u0131 vitrin \u00fcr\u00fcnleri i\u00e7in sitemizi inceleyebilirsiniz.\" \/>\n<meta name=\"robots\" content=\"index, follow, max-snippet:-1, max-image-preview:large, max-video-preview:-1\" \/>\n<link rel=\"canonical\" href=\"https:\/\/comfy.com.tr\/en\/product\/dp-030-kanala-gecmeli-ayakkabi-rafi\/\" \/>\n<meta property=\"og:locale\" content=\"en_US\" \/>\n<meta property=\"og:type\" content=\"article\" \/>\n<meta property=\"og:title\" content=\"DP.030 KANALA GE\u00c7MEL\u0130 AYAKKABI RAFI - Comfy\" \/>\n<meta property=\"og:description\" content=\"DP.030 Kanala Ge\u00e7meli Ayakkab\u0131 Raf\u0131 Vitrinlerde \u015f\u0131kl\u0131\u011f\u0131n\u0131 korur. \u00dcretimimiz di\u011fer ayakkab\u0131 vitrin \u00fcr\u00fcnleri i\u00e7in sitemizi inceleyebilirsiniz.\" \/>\n<meta property=\"og:url\" content=\"https:\/\/comfy.com.tr\/en\/product\/dp-030-kanala-gecmeli-ayakkabi-rafi\/\" \/>\n<meta property=\"og:site_name\" content=\"Comfy\" \/>\n<meta property=\"article:publisher\" content=\"https:\/\/www.facebook.com\/comfycomtr\/\" \/>\n<meta property=\"article:modified_time\" content=\"2022-05-17T05:46:39+00:00\" \/>\n<meta property=\"og:image\" content=\"https:\/\/comfy.com.tr\/wp-content\/uploads\/2022\/04\/vitrin-rafi.png\" \/>\n\t<meta property=\"og:image:width\" content=\"700\" \/>\n\t<meta property=\"og:image:height\" content=\"700\" \/>\n\t<meta property=\"og:image:type\" content=\"image\/png\" \/>\n<meta name=\"twitter:card\" content=\"summary_large_image\" \/>\n<meta name=\"twitter:site\" content=\"@comfyshoecare\" \/>\n<!-- \/ Yoast SEO plugin. -->","yoast_head_json":{"title":"DP.030 KANALA GE\u00c7MEL\u0130 AYAKKABI RAFI - Comfy","description":"DP.030 Kanala Ge\u00e7meli Ayakkab\u0131 Raf\u0131 Vitrinlerde \u015f\u0131kl\u0131\u011f\u0131n\u0131 korur. \u00dcretimimiz di\u011fer ayakkab\u0131 vitrin \u00fcr\u00fcnleri i\u00e7in sitemizi inceleyebilirsiniz.","robots":{"index":"index","follow":"follow","max-snippet":"max-snippet:-1","max-image-preview":"max-image-preview:large","max-video-preview":"max-video-preview:-1"},"canonical":"https:\/\/comfy.com.tr\/en\/product\/dp-030-kanala-gecmeli-ayakkabi-rafi\/","og_locale":"en_US","og_type":"article","og_title":"DP.030 KANALA GE\u00c7MEL\u0130 AYAKKABI RAFI - Comfy","og_description":"DP.030 Kanala Ge\u00e7meli Ayakkab\u0131 Raf\u0131 Vitrinlerde \u015f\u0131kl\u0131\u011f\u0131n\u0131 korur. \u00dcretimimiz di\u011fer ayakkab\u0131 vitrin \u00fcr\u00fcnleri i\u00e7in sitemizi inceleyebilirsiniz.","og_url":"https:\/\/comfy.com.tr\/en\/product\/dp-030-kanala-gecmeli-ayakkabi-rafi\/","og_site_name":"Comfy","article_publisher":"https:\/\/www.facebook.com\/comfycomtr\/","article_modified_time":"2022-05-17T05:46:39+00:00","og_image":[{"width":700,"height":700,"url":"https:\/\/comfy.com.tr\/wp-content\/uploads\/2022\/04\/vitrin-rafi.png","type":"image\/png"}],"twitter_card":"summary_large_image","twitter_site":"@comfyshoecare","schema":{"@context":"https:\/\/schema.org","@graph":[{"@type":"WebPage","@id":"https:\/\/comfy.com.tr\/product\/dp-030-kanala-gecmeli-ayakkabi-rafi\/","url":"https:\/\/comfy.com.tr\/product\/dp-030-kanala-gecmeli-ayakkabi-rafi\/","name":"DP.030 KANALA GE\u00c7MEL\u0130 AYAKKABI RAFI - Comfy","isPartOf":{"@id":"https:\/\/comfy.com.tr\/#website"},"primaryImageOfPage":{"@id":"https:\/\/comfy.com.tr\/product\/dp-030-kanala-gecmeli-ayakkabi-rafi\/#primaryimage"},"image":{"@id":"https:\/\/comfy.com.tr\/product\/dp-030-kanala-gecmeli-ayakkabi-rafi\/#primaryimage"},"thumbnailUrl":"https:\/\/comfy.com.tr\/wp-content\/uploads\/2022\/04\/vitrin-rafi.png","datePublished":"2022-04-12T02:40:21+00:00","dateModified":"2022-05-17T05:46:39+00:00","description":"DP.030 Kanala Ge\u00e7meli Ayakkab\u0131 Raf\u0131 Vitrinlerde \u015f\u0131kl\u0131\u011f\u0131n\u0131 korur. \u00dcretimimiz di\u011fer ayakkab\u0131 vitrin \u00fcr\u00fcnleri i\u00e7in sitemizi inceleyebilirsiniz.","breadcrumb":{"@id":"https:\/\/comfy.com.tr\/product\/dp-030-kanala-gecmeli-ayakkabi-rafi\/#breadcrumb"},"inLanguage":"en-US","potentialAction":[{"@type":"ReadAction","target":["https:\/\/comfy.com.tr\/product\/dp-030-kanala-gecmeli-ayakkabi-rafi\/"]}]},{"@type":"ImageObject","inLanguage":"en-US","@id":"https:\/\/comfy.com.tr\/product\/dp-030-kanala-gecmeli-ayakkabi-rafi\/#primaryimage","url":"https:\/\/comfy.com.tr\/wp-content\/uploads\/2022\/04\/vitrin-rafi.png","contentUrl":"https:\/\/comfy.com.tr\/wp-content\/uploads\/2022\/04\/vitrin-rafi.png","width":700,"height":700,"caption":"vitrin-raf\u0131"},{"@type":"BreadcrumbList","@id":"https:\/\/comfy.com.tr\/product\/dp-030-kanala-gecmeli-ayakkabi-rafi\/#breadcrumb","itemListElement":[{"@type":"ListItem","position":1,"name":"Anasayfa","item":"https:\/\/comfy.com.tr\/"},{"@type":"ListItem","position":2,"name":"Shop","item":"https:\/\/comfy.com.tr\/shop\/"},{"@type":"ListItem","position":3,"name":"DP.030 KANALA GE\u00c7MEL\u0130 AYAKKABI RAFI"}]},{"@type":"WebSite","@id":"https:\/\/comfy.com.tr\/#website","url":"https:\/\/comfy.com.tr\/","name":"Comfy","description":"Ayakkab\u0131 Aksesuar \u00dcretim ve Sat\u0131\u015f","publisher":{"@id":"https:\/\/comfy.com.tr\/#organization"},"potentialAction":[{"@type":"SearchAction","target":{"@type":"EntryPoint","urlTemplate":"https:\/\/comfy.com.tr\/?s={search_term_string}"},"query-input":{"@type":"PropertyValueSpecification","valueRequired":true,"valueName":"search_term_string"}}],"inLanguage":"en-US"},{"@type":"Organization","@id":"https:\/\/comfy.com.tr\/#organization","name":"Comfy","url":"https:\/\/comfy.com.tr\/","logo":{"@type":"ImageObject","inLanguage":"en-US","@id":"https:\/\/comfy.com.tr\/#\/schema\/logo\/image\/","url":"https:\/\/comfy.com.tr\/wp-content\/uploads\/2022\/04\/cropped-comfy-logo-1.png","contentUrl":"https:\/\/comfy.com.tr\/wp-content\/uploads\/2022\/04\/cropped-comfy-logo-1.png","width":512,"height":512,"caption":"Comfy"},"image":{"@id":"https:\/\/comfy.com.tr\/#\/schema\/logo\/image\/"},"sameAs":["https:\/\/www.facebook.com\/comfycomtr\/","https:\/\/x.com\/comfyshoecare","https:\/\/www.instagram.com\/comfyshoecare\/"]}]}},"_links":{"self":[{"href":"https:\/\/comfy.com.tr\/en\/wp-json\/wp\/v2\/product\/517","targetHints":{"allow":["GET"]}}],"collection":[{"href":"https:\/\/comfy.com.tr\/en\/wp-json\/wp\/v2\/product"}],"about":[{"href":"https:\/\/comfy.com.tr\/en\/wp-json\/wp\/v2\/types\/product"}],"wp:featuredmedia":[{"embeddable":true,"href":"https:\/\/comfy.com.tr\/en\/wp-json\/wp\/v2\/media\/714"}],"wp:attachment":[{"href":"https:\/\/comfy.com.tr\/en\/wp-json\/wp\/v2\/media?parent=517"}],"wp:term":[{"taxonomy":"product_brand","embeddable":true,"href":"https:\/\/comfy.com.tr\/en\/wp-json\/wp\/v2\/product_brand?post=517"},{"taxonomy":"product_cat","embeddable":true,"href":"https:\/\/comfy.com.tr\/en\/wp-json\/wp\/v2\/product_cat?post=517"},{"taxonomy":"product_tag","embeddable":true,"href":"https:\/\/comfy.com.tr\/en\/wp-json\/wp\/v2\/product_tag?post=517"}],"curies":[{"name":"wp","href":"https:\/\/api.w.org\/{rel}","templated":true}]}}